{"id":7863,"date":"2015-08-20T19:15:02","date_gmt":"2015-08-20T19:15:02","guid":{"rendered":"http:\/\/bedard.conceptionsweb.ca\/produit\/dk-602\/"},"modified":"2024-07-08T18:19:53","modified_gmt":"2024-07-08T18:19:53","slug":"dk-602","status":"publish","type":"product","link":"https:\/\/www.chariotshopping.com\/en\/produit\/dk-602\/","title":{"rendered":"DK-602"},"content":{"rendered":"<p>Tr\u00e8s populaire dans les magasins \u00e0 rayon, le \u00ab Shop &amp; Easy \u00bb facilite l\u2019exp\u00e9rience magasinage du client. De par ses deux roues, ce panier est tr\u00e8s facile \u00e0 d\u00e9placer et \u00e0 contourner les obstacles sur le plancher. Il suit le client \u00e0 la trace. Fabriqu\u00e9 en r\u00e9sine de poly\u00e9thyl\u00e8ne, ce mod\u00e8le poss\u00e8de une poign\u00e9e extensible et r\u00e9tractable, ce qui facilite son retour sur la pile. Sa deuxi\u00e8me poign\u00e9e peut servir \u00e0 transporter le panier sur le bras du client ou le disposer sur le comptoir pour vider et payer son contenu.<\/p>\n","protected":false},"excerpt":{"rendered":"<p>SHOPPING BASKET \u2013 PP WITH HANDLE EXTENSIBLE &amp; TWO WHEELS<\/p>\n<div class=\"unitP\">\n<ul>\n<li>8 baskets \/ box: <strong class=\"price\">26,95$<\/strong> (215,60$)<\/li>\n<li>16 baskets \/ box: <strong class=\"price\">25,95$<\/strong> (415,20$)<\/li>\n<\/ul>\n<\/div>\n","protected":false},"featured_media":8358,"comment_status":"closed","ping_status":"closed","template":"","meta":{"_acf_changed":false,"_et_pb_use_builder":"","_et_pb_old_content":"","_et_gb_content_width":""},"product_brand":[],"product_cat":[142,214,215,216,217,218,219,242,120,240],"product_tag":[265,259,250,257,248,255,264],"class_list":{"0":"post-7863","1":"product","2":"type-product","3":"status-publish","4":"has-post-thumbnail","6":"product_cat-online-purchase","7":"product_cat-grocery","8":"product_cat-pharmacy","9":"product_cat-hardware","10":"product_cat-garden-center","11":"product_cat-supermarket","12":"product_cat-convenience-store","13":"product_cat-pet-shop","14":"product_cat-hand-baskets","15":"product_cat-plastic-shopping-basket","16":"product_tag-convenience-store","17":"product_tag-garden-center","18":"product_tag-grocery","19":"product_tag-hardware","20":"product_tag-pet-shop","21":"product_tag-pharmacy","22":"product_tag-supermarket","23":"product_shipping_class-ltl_freight","25":"first","26":"instock","27":"taxable","28":"shipping-taxable","29":"purchasable","30":"product-type-variable"},"acf":[],"yoast_head":"<!-- This site is optimized with the Yoast SEO plugin v27.1.1 - https:\/\/yoast.com\/product\/yoast-seo-wordpress\/ -->\n<title>DK-602 - Chariot Shopping<\/title>\n<meta name=\"robots\" content=\"index, follow, max-snippet:-1, max-image-preview:large, max-video-preview:-1\" \/>\n<link rel=\"canonical\" href=\"https:\/\/www.chariotshopping.com\/en\/produit\/dk-602\/\" \/>\n<meta property=\"og:locale\" content=\"en_US\" \/>\n<meta property=\"og:type\" content=\"article\" \/>\n<meta property=\"og:title\" content=\"DK-602 - Chariot Shopping\" \/>\n<meta property=\"og:description\" content=\"SHOPPING BASKET \u2013 PP WITH HANDLE EXTENSIBLE &amp; TWO WHEELS    8 baskets \/ box: 26,95$ (215,60$)  16 baskets \/ box: 25,95$ (415,20$)\" \/>\n<meta property=\"og:url\" content=\"https:\/\/www.chariotshopping.com\/en\/produit\/dk-602\/\" \/>\n<meta property=\"og:site_name\" content=\"Chariot Shopping\" \/>\n<meta property=\"article:publisher\" content=\"https:\/\/www.facebook.com\/DrakkarInternational\/\" \/>\n<meta property=\"article:modified_time\" content=\"2024-07-08T18:19:53+00:00\" \/>\n<meta property=\"og:image\" content=\"https:\/\/www.chariotshopping.com\/wp-content\/uploads\/2019\/02\/ShopRoll-Araven.jpg\" \/>\n\t<meta property=\"og:image:width\" content=\"400\" \/>\n\t<meta property=\"og:image:height\" content=\"600\" \/>\n\t<meta property=\"og:image:type\" content=\"image\/jpeg\" \/>\n<meta name=\"twitter:card\" content=\"summary_large_image\" \/>\n<meta name=\"twitter:label1\" content=\"Est. reading time\" \/>\n\t<meta name=\"twitter:data1\" content=\"1 minute\" \/>\n<script type=\"application\/ld+json\" class=\"yoast-schema-graph\">{\"@context\":\"https:\/\/schema.org\",\"@graph\":[{\"@type\":\"WebPage\",\"@id\":\"https:\/\/www.chariotshopping.com\/en\/produit\/dk-602\/\",\"url\":\"https:\/\/www.chariotshopping.com\/en\/produit\/dk-602\/\",\"name\":\"DK-602 - Chariot Shopping\",\"isPartOf\":{\"@id\":\"https:\/\/www.chariotshopping.com\/#website\"},\"primaryImageOfPage\":{\"@id\":\"https:\/\/www.chariotshopping.com\/en\/produit\/dk-602\/#primaryimage\"},\"image\":{\"@id\":\"https:\/\/www.chariotshopping.com\/en\/produit\/dk-602\/#primaryimage\"},\"thumbnailUrl\":\"https:\/\/www.chariotshopping.com\/wp-content\/uploads\/2019\/02\/ShopRoll-Araven.jpg\",\"datePublished\":\"2015-08-20T19:15:02+00:00\",\"dateModified\":\"2024-07-08T18:19:53+00:00\",\"breadcrumb\":{\"@id\":\"https:\/\/www.chariotshopping.com\/en\/produit\/dk-602\/#breadcrumb\"},\"inLanguage\":\"en-US\",\"potentialAction\":[{\"@type\":\"ReadAction\",\"target\":[\"https:\/\/www.chariotshopping.com\/en\/produit\/dk-602\/\"]}]},{\"@type\":\"ImageObject\",\"inLanguage\":\"en-US\",\"@id\":\"https:\/\/www.chariotshopping.com\/en\/produit\/dk-602\/#primaryimage\",\"url\":\"https:\/\/www.chariotshopping.com\/wp-content\/uploads\/2019\/02\/ShopRoll-Araven.jpg\",\"contentUrl\":\"https:\/\/www.chariotshopping.com\/wp-content\/uploads\/2019\/02\/ShopRoll-Araven.jpg\",\"width\":400,\"height\":600,\"caption\":\"Paniers et chariots de magasinage \u00e0 roulettes | Panier d'\u00e9picerie en plastique | Chariot Shopping\"},{\"@type\":\"BreadcrumbList\",\"@id\":\"https:\/\/www.chariotshopping.com\/en\/produit\/dk-602\/#breadcrumb\",\"itemListElement\":[{\"@type\":\"ListItem\",\"position\":1,\"name\":\"Accueil\",\"item\":\"https:\/\/www.chariotshopping.com\/\"},{\"@type\":\"ListItem\",\"position\":2,\"name\":\"Online Store\",\"item\":\"https:\/\/www.chariotshopping.com\/en\/online-purchase\/\"},{\"@type\":\"ListItem\",\"position\":3,\"name\":\"DK-602\"}]},{\"@type\":\"WebSite\",\"@id\":\"https:\/\/www.chariotshopping.com\/#website\",\"url\":\"https:\/\/www.chariotshopping.com\/\",\"name\":\"Chariot Shopping\",\"description\":\"\",\"publisher\":{\"@id\":\"https:\/\/www.chariotshopping.com\/#organization\"},\"potentialAction\":[{\"@type\":\"SearchAction\",\"target\":{\"@type\":\"EntryPoint\",\"urlTemplate\":\"https:\/\/www.chariotshopping.com\/?s={search_term_string}\"},\"query-input\":{\"@type\":\"PropertyValueSpecification\",\"valueRequired\":true,\"valueName\":\"search_term_string\"}}],\"inLanguage\":\"en-US\"},{\"@type\":\"Organization\",\"@id\":\"https:\/\/www.chariotshopping.com\/#organization\",\"name\":\"Drakkar International\",\"url\":\"https:\/\/www.chariotshopping.com\/\",\"logo\":{\"@type\":\"ImageObject\",\"inLanguage\":\"en-US\",\"@id\":\"https:\/\/www.chariotshopping.com\/#\/schema\/logo\/image\/\",\"url\":\"https:\/\/www.chariotshopping.com\/wp-content\/uploads\/2020\/05\/chariot-shopping-logo.jpg\",\"contentUrl\":\"https:\/\/www.chariotshopping.com\/wp-content\/uploads\/2020\/05\/chariot-shopping-logo.jpg\",\"width\":250,\"height\":104,\"caption\":\"Drakkar International\"},\"image\":{\"@id\":\"https:\/\/www.chariotshopping.com\/#\/schema\/logo\/image\/\"},\"sameAs\":[\"https:\/\/www.facebook.com\/DrakkarInternational\/\"]}]}<\/script>\n<!-- \/ Yoast SEO plugin. -->","yoast_head_json":{"title":"DK-602 - Chariot Shopping","robots":{"index":"index","follow":"follow","max-snippet":"max-snippet:-1","max-image-preview":"max-image-preview:large","max-video-preview":"max-video-preview:-1"},"canonical":"https:\/\/www.chariotshopping.com\/en\/produit\/dk-602\/","og_locale":"en_US","og_type":"article","og_title":"DK-602 - Chariot Shopping","og_description":"SHOPPING BASKET \u2013 PP WITH HANDLE EXTENSIBLE &amp; TWO WHEELS    8 baskets \/ box: 26,95$ (215,60$)  16 baskets \/ box: 25,95$ (415,20$)","og_url":"https:\/\/www.chariotshopping.com\/en\/produit\/dk-602\/","og_site_name":"Chariot Shopping","article_publisher":"https:\/\/www.facebook.com\/DrakkarInternational\/","article_modified_time":"2024-07-08T18:19:53+00:00","og_image":[{"width":400,"height":600,"url":"https:\/\/www.chariotshopping.com\/wp-content\/uploads\/2019\/02\/ShopRoll-Araven.jpg","type":"image\/jpeg"}],"twitter_card":"summary_large_image","twitter_misc":{"Est. reading time":"1 minute"},"schema":{"@context":"https:\/\/schema.org","@graph":[{"@type":"WebPage","@id":"https:\/\/www.chariotshopping.com\/en\/produit\/dk-602\/","url":"https:\/\/www.chariotshopping.com\/en\/produit\/dk-602\/","name":"DK-602 - Chariot Shopping","isPartOf":{"@id":"https:\/\/www.chariotshopping.com\/#website"},"primaryImageOfPage":{"@id":"https:\/\/www.chariotshopping.com\/en\/produit\/dk-602\/#primaryimage"},"image":{"@id":"https:\/\/www.chariotshopping.com\/en\/produit\/dk-602\/#primaryimage"},"thumbnailUrl":"https:\/\/www.chariotshopping.com\/wp-content\/uploads\/2019\/02\/ShopRoll-Araven.jpg","datePublished":"2015-08-20T19:15:02+00:00","dateModified":"2024-07-08T18:19:53+00:00","breadcrumb":{"@id":"https:\/\/www.chariotshopping.com\/en\/produit\/dk-602\/#breadcrumb"},"inLanguage":"en-US","potentialAction":[{"@type":"ReadAction","target":["https:\/\/www.chariotshopping.com\/en\/produit\/dk-602\/"]}]},{"@type":"ImageObject","inLanguage":"en-US","@id":"https:\/\/www.chariotshopping.com\/en\/produit\/dk-602\/#primaryimage","url":"https:\/\/www.chariotshopping.com\/wp-content\/uploads\/2019\/02\/ShopRoll-Araven.jpg","contentUrl":"https:\/\/www.chariotshopping.com\/wp-content\/uploads\/2019\/02\/ShopRoll-Araven.jpg","width":400,"height":600,"caption":"Paniers et chariots de magasinage \u00e0 roulettes | Panier d'\u00e9picerie en plastique | Chariot Shopping"},{"@type":"BreadcrumbList","@id":"https:\/\/www.chariotshopping.com\/en\/produit\/dk-602\/#breadcrumb","itemListElement":[{"@type":"ListItem","position":1,"name":"Accueil","item":"https:\/\/www.chariotshopping.com\/"},{"@type":"ListItem","position":2,"name":"Online Store","item":"https:\/\/www.chariotshopping.com\/en\/online-purchase\/"},{"@type":"ListItem","position":3,"name":"DK-602"}]},{"@type":"WebSite","@id":"https:\/\/www.chariotshopping.com\/#website","url":"https:\/\/www.chariotshopping.com\/","name":"Chariot Shopping","description":"","publisher":{"@id":"https:\/\/www.chariotshopping.com\/#organization"},"potentialAction":[{"@type":"SearchAction","target":{"@type":"EntryPoint","urlTemplate":"https:\/\/www.chariotshopping.com\/?s={search_term_string}"},"query-input":{"@type":"PropertyValueSpecification","valueRequired":true,"valueName":"search_term_string"}}],"inLanguage":"en-US"},{"@type":"Organization","@id":"https:\/\/www.chariotshopping.com\/#organization","name":"Drakkar International","url":"https:\/\/www.chariotshopping.com\/","logo":{"@type":"ImageObject","inLanguage":"en-US","@id":"https:\/\/www.chariotshopping.com\/#\/schema\/logo\/image\/","url":"https:\/\/www.chariotshopping.com\/wp-content\/uploads\/2020\/05\/chariot-shopping-logo.jpg","contentUrl":"https:\/\/www.chariotshopping.com\/wp-content\/uploads\/2020\/05\/chariot-shopping-logo.jpg","width":250,"height":104,"caption":"Drakkar International"},"image":{"@id":"https:\/\/www.chariotshopping.com\/#\/schema\/logo\/image\/"},"sameAs":["https:\/\/www.facebook.com\/DrakkarInternational\/"]}]}},"_links":{"self":[{"href":"https:\/\/www.chariotshopping.com\/en\/wp-json\/wp\/v2\/product\/7863","targetHints":{"allow":["GET"]}}],"collection":[{"href":"https:\/\/www.chariotshopping.com\/en\/wp-json\/wp\/v2\/product"}],"about":[{"href":"https:\/\/www.chariotshopping.com\/en\/wp-json\/wp\/v2\/types\/product"}],"replies":[{"embeddable":true,"href":"https:\/\/www.chariotshopping.com\/en\/wp-json\/wp\/v2\/comments?post=7863"}],"wp:featuredmedia":[{"embeddable":true,"href":"https:\/\/www.chariotshopping.com\/en\/wp-json\/wp\/v2\/media\/8358"}],"wp:attachment":[{"href":"https:\/\/www.chariotshopping.com\/en\/wp-json\/wp\/v2\/media?parent=7863"}],"wp:term":[{"taxonomy":"product_brand","embeddable":true,"href":"https:\/\/www.chariotshopping.com\/en\/wp-json\/wp\/v2\/product_brand?post=7863"},{"taxonomy":"product_cat","embeddable":true,"href":"https:\/\/www.chariotshopping.com\/en\/wp-json\/wp\/v2\/product_cat?post=7863"},{"taxonomy":"product_tag","embeddable":true,"href":"https:\/\/www.chariotshopping.com\/en\/wp-json\/wp\/v2\/product_tag?post=7863"}],"curies":[{"name":"wp","href":"https:\/\/api.w.org\/{rel}","templated":true}]}}