{"id":7746,"date":"2019-05-13T17:30:38","date_gmt":"2019-05-13T17:30:38","guid":{"rendered":"http:\/\/bedard.conceptionsweb.ca\/mobility-carts\/"},"modified":"2026-04-14T10:07:22","modified_gmt":"2026-04-14T14:07:22","slug":"mobility-carts","status":"publish","type":"page","link":"https:\/\/www.chariotshopping.com\/en\/mobility-carts\/","title":{"rendered":"Mobility Shopping Cart"},"content":{"rendered":"<p>[et_pb_section fb_built=&#8221;1&#8243; _builder_version=&#8221;4.16&#8243; background_color=&#8221;#0d50a4&#8243; custom_margin=&#8221;0px|0px|0px|0px&#8221; custom_padding=&#8221;0px|0px|0px|0px&#8221; z_index_tablet=&#8221;500&#8243; global_colors_info=&#8221;{}&#8221;][et_pb_row _builder_version=&#8221;4.16&#8243; background_image=&#8221;https:\/\/www.chariotshopping.com\/wp-content\/uploads\/2019\/05\/banner-diagonal.png&#8221; module_alignment=&#8221;center&#8221; custom_padding=&#8221;40px||40px|&#8221; z_index_tablet=&#8221;500&#8243; width_unit=&#8221;off&#8221; global_colors_info=&#8221;{}&#8221;][et_pb_column type=&#8221;4_4&#8243; _builder_version=&#8221;4.16&#8243; custom_padding=&#8221;|||&#8221; global_colors_info=&#8221;{}&#8221; custom_padding__hover=&#8221;|||&#8221;][et_pb_post_title meta=&#8221;off&#8221; featured_image=&#8221;off&#8221; text_color=&#8221;light&#8221; _builder_version=&#8221;4.16&#8243; background_color_gradient_direction=&#8221;200deg&#8221; custom_margin=&#8221;||0px|&#8221; z_index_tablet=&#8221;500&#8243; global_colors_info=&#8221;{}&#8221;][\/et_pb_post_title][et_pb_text _builder_version=&#8221;4.16&#8243; z_index_tablet=&#8221;500&#8243; global_colors_info=&#8221;{}&#8221;]<nav aria-label=\"breadcrumbs\">\n            <div class=\"breadcrumb-container theme1\">\n                <ol>\n                    <li><a title=\"You are here\" href=\"#\"><span>You are here<\/span><\/a><span class=\"separator\">\u2192<\/span><\/li>\n                    <\/ol>\n            <\/div>\n        <\/nav>    <script type=\"application\/ld+json\">\n        {\n            \"@context\": \"http:\/\/schema.org\",\n            \"@type\": \"BreadcrumbList\",\n            \"itemListElement\": [\n                 {\n                            \"@type\": \"ListItem\",\n                            \"position\": 1,\n                            \"item\": {\n                                \"@id\": \"#\",\n                                \"name\": \"You are here\"\n                            }\n                        }\n                                                    ]\n        }\n    <\/script>\n   \n    <script>\n            <\/script>\n<br \/>\n[\/et_pb_text][\/et_pb_column][\/et_pb_row][\/et_pb_section][et_pb_section fb_built=&#8221;1&#8243; _builder_version=&#8221;4.16&#8243; custom_margin=&#8221;||||false|false&#8221; custom_padding=&#8221;||40px||false|false&#8221; global_colors_info=&#8221;{}&#8221;][et_pb_row _builder_version=&#8221;4.16&#8243; custom_margin=&#8221;||0px|&#8221; custom_padding=&#8221;||0px|&#8221; z_index_tablet=&#8221;500&#8243; global_colors_info=&#8221;{}&#8221;][et_pb_column type=&#8221;4_4&#8243; _builder_version=&#8221;4.16&#8243; custom_padding=&#8221;|||&#8221; global_colors_info=&#8221;{}&#8221; custom_padding__hover=&#8221;|||&#8221;][et_pb_text _builder_version=&#8221;4.16&#8243; text_font_size=&#8221;18px&#8221; header_font=&#8221;|600|||||||&#8221; header_line_height=&#8221;1.1em&#8221; header_2_font=&#8221;|600|||||||&#8221; header_2_font_size=&#8221;40px&#8221; header_2_line_height=&#8221;1.1em&#8221; z_index_tablet=&#8221;500&#8243; global_colors_info=&#8221;{}&#8221;]<\/p>\n<h2>Motorized shopping carts and grocery baskets for people with disabilities.<\/h2>\n<p>[\/et_pb_text][et_pb_text _builder_version=&#8221;4.16&#8243; text_font_size=&#8221;18px&#8221; z_index_tablet=&#8221;500&#8243; global_colors_info=&#8221;{}&#8221;]<\/p>\n<p>Provide your customer with an accessible option, with a durable and safe addition to your mobility assistance offering.<\/p>\n<p>[\/et_pb_text][\/et_pb_column][\/et_pb_row][\/et_pb_section][et_pb_section fb_built=&#8221;1&#8243; _builder_version=&#8221;4.16&#8243; custom_padding=&#8221;40px||12px||false|false&#8221; global_colors_info=&#8221;{}&#8221;][et_pb_row module_class=&#8221;ds-vertical-align&#8221; _builder_version=&#8221;4.16&#8243; module_alignment=&#8221;center&#8221; custom_margin=&#8221;0px|||&#8221; custom_padding=&#8221;0px|||&#8221; z_index_tablet=&#8221;500&#8243; width_unit=&#8221;off&#8221; global_colors_info=&#8221;{}&#8221;][et_pb_column type=&#8221;4_4&#8243; _builder_version=&#8221;4.16&#8243; custom_padding=&#8221;|||&#8221; global_colors_info=&#8221;{}&#8221; custom_padding__hover=&#8221;|||&#8221;][et_pb_shop type=&#8221;product_category&#8221; posts_number=&#8221;1000&#8243; include_categories=&#8221;134&#8243; orderby=&#8221;menu_order&#8221; hover_overlay_color=&#8221;rgba(255,255,255,0.6)&#8221; hover_icon=&#8221;&#xe015;||divi||400&#8243; module_class=&#8221;store&#8221; _builder_version=&#8221;4.16&#8243; text_orientation=&#8221;center&#8221; z_index_tablet=&#8221;500&#8243; border_color_all=&#8221;#022c74&#8243; global_colors_info=&#8221;{}&#8221;][\/et_pb_shop][et_pb_text _builder_version=&#8221;4.25.2&#8243; text_font_size=&#8221;18px&#8221; header_4_font=&#8221;||||||||&#8221; header_4_text_align=&#8221;center&#8221; header_4_text_color=&#8221;#666666&#8243; z_index_tablet=&#8221;500&#8243; global_colors_info=&#8221;{}&#8221;]<\/p>\n<h4>Drakkar International&#8217;s offers you the largest range of motorized shopping carts and mobility shopping carts in Canada. We distribute and develop for you, grocery baskets for people with disabilities that will meet your needs and those of your customers.<\/h4>\n<h4><\/h4>\n<p>[\/et_pb_text][et_pb_text _builder_version=&#8221;4.16&#8243; _module_preset=&#8221;default&#8221; global_colors_info=&#8221;{}&#8221;]<\/p>\n<h3 style=\"text-align: center;\"><a href=\"\/en\/accessories\/\">\u2192 See accessories for shopping cart<\/a><\/h3>\n<p>[\/et_pb_text][\/et_pb_column][\/et_pb_row][\/et_pb_section][et_pb_section fb_built=&#8221;1&#8243; _builder_version=&#8221;4.16&#8243; custom_padding=&#8221;8px|||||&#8221; global_colors_info=&#8221;{}&#8221;][et_pb_row module_class=&#8221;ds-vertical-align&#8221; _builder_version=&#8221;4.16&#8243; module_alignment=&#8221;center&#8221; custom_margin=&#8221;0px|||&#8221; custom_padding=&#8221;0px|||&#8221; z_index_tablet=&#8221;500&#8243; width_unit=&#8221;off&#8221; global_colors_info=&#8221;{}&#8221;][et_pb_column type=&#8221;4_4&#8243; _builder_version=&#8221;4.16&#8243; custom_padding=&#8221;|||&#8221; global_colors_info=&#8221;{}&#8221; custom_padding__hover=&#8221;|||&#8221;][et_pb_button button_url=&#8221;#&#8221; button_text=&#8221;Download our catalog&#8221; button_alignment=&#8221;center&#8221; module_class=&#8221;popmake-54086&#8243; _builder_version=&#8221;4.27.6&#8243; custom_button=&#8221;on&#8221; button_text_size=&#8221;16px&#8221; button_text_color=&#8221;#ffffff&#8221; button_bg_color=&#8221;#0D50A4&#8243; button_border_width=&#8221;0px&#8221; custom_margin=&#8221;-7px|||||&#8221; hover_enabled=&#8221;0&#8243; box_shadow_style=&#8221;preset1&#8243; global_colors_info=&#8221;{}&#8221; sticky_enabled=&#8221;0&#8243;][\/et_pb_button][\/et_pb_column][\/et_pb_row][\/et_pb_section]<\/p>\n","protected":false},"excerpt":{"rendered":"<p><nav aria-label=\"breadcrumbs\">\n            <div class=\"breadcrumb-container theme1\">\n                <ol>\n                    <li><a title=\"You are here\" href=\"#\"><span>You are here<\/span><\/a><span class=\"separator\">\u2192<\/span><\/li>\n                    <\/ol>\n            <\/div>\n        <\/nav>    <script type=\"application\/ld+json\">\n        {\n            \"@context\": \"http:\/\/schema.org\",\n            \"@type\": \"BreadcrumbList\",\n            \"itemListElement\": [\n                 {\n                            \"@type\": \"ListItem\",\n                            \"position\": 1,\n                            \"item\": {\n                                \"@id\": \"#\",\n                                \"name\": \"You are here\"\n                            }\n                        }\n                                                    ]\n        }\n    <\/script>\n   \n    <script>\n            <\/script>\n Motorized shopping carts and grocery baskets for people with disabilities.Provide your customer with an accessible option, with a durable and safe addition to your mobility assistance offering.Drakkar International&#8217;s offers you the largest range of motorized shopping carts and mobility shopping carts in Canada. We distribute and develop for you, grocery baskets for people with [&hellip;]<\/p>\n","protected":false},"author":1,"featured_media":0,"parent":0,"menu_order":0,"comment_status":"open","ping_status":"closed","template":"","meta":{"_acf_changed":false,"_et_pb_use_builder":"on","_et_pb_old_content":"<div style=\"padding-bottom: 25px;\"><h1>Chariots motoris\u00e9s et paniers d'\u00e9picerie pour personne handicap\u00e9e<\/h1><h4><span style=\"color: #333333;\">Nous tenons \u00e0 ce que toute personne puisse magasiner selon ses capacit\u00e9s. Nous mettons \u00e0 la disposition des personnes ayant une mobilit\u00e9 r\u00e9duite la possibilit\u00e9 d\u2019utiliser un chariot \u00e9lectrique ou un fauteuil roulant avec un panier de magasinage inclus.<\/span><\/h4><\/div><div style=\"padding-bottom: 25px;\"><p>[one_fourth]<br \/>[lightbox_image size=\"full-fourth-portrait\" image_path=\"https:\/\/www.chariotshopping.com\/wp-content\/uploads\/DK-WChair-basket.jpg\" lightbox_content=\"https:\/\/www.chariotshopping.com\/wp-content\/uploads\/DK-WChair-basket.jpg\" group=\"\" description=\"\"]<\/p><h4>DK-WCHAIR BASKET<\/h4><h6>Panier pour fauteuil roulant<\/h6><p><strong>Dimension - Lo x La x H :<\/strong><br \/>895 x 737 x 924 mm<br \/>(35 1\/4 x 29 x 36 3\/4 po.)<br \/><strong>Capacit\u00e9 :<\/strong> 79 litres<br \/><strong>Couleur :<\/strong> Gris<\/p><p>[\/one_fourth]<\/p><p>[one_fourth]<br \/>[lightbox_image size=\"full-fourth-portrait\" image_path=\"https:\/\/www.chariotshopping.com\/wp-content\/uploads\/Elecart-3500_thumb.jpg\" lightbox_content=\"https:\/\/www.chariotshopping.com\/wp-content\/uploads\/mobilite\/Elecart-3500.jpg\" group=\"\" description=\"\"]<\/p><h4>DK-ELECART 3500<\/h4><h6>Chariot \u00e9lectrique avec bras lat\u00e9raux<\/h6><p><strong>Dimension - Lo x La x H :<\/strong><br \/>927 x 634 x 1371 mm<br \/>(36 1\/2 x 25 x 54 po.)<br \/><strong>Capacit\u00e9 :<\/strong> 118 litres<br \/>Tourne sur un court rayon<br \/>Frein \u00e9lectro-m\u00e9canique<br \/>12 volts, 35 amp\u00e8res, jusqu\u2019\u00e0 22 heures d\u2019autonomie par charge de batterie<br \/>Ne laisse pas de traces sur les planchers car pneus de caoutchouc<br \/>[\/one_fourth]<\/p><p>[one_fourth]<br \/>[lightbox_image size=\"full-fourth-portrait\" image_path=\"https:\/\/www.chariotshopping.com\/wp-content\/uploads\/Elecart63_thumb.jpg\" lightbox_content=\"https:\/\/www.chariotshopping.com\/wp-content\/uploads\/mobilite\/Elecart63.jpg\" group=\"\" description=\"\"]<\/p><h4>DK-ELECART 4063<\/h4><h6>Chariot \u00e9lectrique<\/h6><p><strong>Dimension - Lo x La x H :<\/strong><br \/>927 x 634 x 1371 mm<br \/>(36 1\/2 x 25 x 54 po.)<br \/><strong>Capacit\u00e9 :<\/strong> 118 litres<br \/>Tourne sur un court rayon<br \/>Frein \u00e9lectro-m\u00e9canique<br \/>12 volts, 35 amp\u00e8res, jusqu\u2019\u00e0 22 heures d\u2019autonomie par charge de batterie<br \/>Ne laisse pas de traces sur les planchers car pneus de caoutchouc<br \/>[\/one_fourth]<\/p><p>[one_fourth]<br \/>[lightbox_image size=\"full-fourth-portrait\" image_path=\"https:\/\/www.chariotshopping.com\/wp-content\/uploads\/WChair_thumb.jpg\" lightbox_content=\"https:\/\/www.chariotshopping.com\/wp-content\/uploads\/DK-Wheelchair.jpg\" group=\"\" description=\"\"]<\/p><h4>DK-WCHAIR01<\/h4><h6>Chaise roulante avec panier avant<\/h6><p><strong>Dimension - Lo x La x H :<\/strong><br \/>1041 x 724 x 927 x mm<br \/>(41 x 28 1\/2 x 36 1\/2 po.)<br \/><strong>Capacit\u00e9 :<\/strong> 58 litres<br \/>Si\u00e8ge de vinyl : disponible en jaune ou gris. Capacit\u00e9 de 180 kilos (400 lbs). Frein ABS et frein \u00e0 main pour la s\u00e9curit\u00e9. Panier qui se d\u00e9place ainsi que le marche-pied qui se plie pour faciliter l\u2019acc\u00e8s au fauteuil. Barre arri\u00e8re pour emp\u00eacher de basculer. Pas de support arri\u00e8re pour se tenir debout<br \/>[\/one_fourth]<\/p><p>\u00a0<\/p><p>\u00a0<\/p><p>[one_fourth]<br \/>[lightbox_image size=\"full-fourth-portrait\" image_path=\"https:\/\/www.chariotshopping.com\/wp-content\/uploads\/DK-Wheelchair-2jpg1.jpg\" lightbox_content=\"https:\/\/www.chariotshopping.com\/wp-content\/uploads\/DK-Wheelchair-2jpg.jpg\" group=\"\" description=\"\"]<\/p><h4>DK-WCHAIR02<\/h4><h6>Chaise roulante avec panier arri\u00e8re<\/h6><p>[\/one_fourth]<\/p><p>[one_fourth]<br \/>[lightbox_image size=\"full-fourth-portrait\" image_path=\"https:\/\/www.chariotshopping.com\/wp-content\/uploads\/DK-Wheelchair-31.jpg\" lightbox_content=\"https:\/\/www.chariotshopping.com\/wp-content\/uploads\/DK-Wheelchair-31.jpg\" group=\"\" description=\"\"]<\/p><h4>DK-WCHAIR03<\/h4><h6>Chaise roulante avec panier avant et arri\u00e8re<\/h6><p>[\/one_fourth]<\/p><p>[one_fourth]<\/p><div class=\"seeAll\"><a class=\"seeAllL\" href=\"https:\/\/www.chariotshopping.com\/produits\/tous-les-produits\/\">Voir tous les produits >> <\/a><\/div><p>[\/one_fourth]<\/p><p>[divider style=\"hr-solid\"]<\/p><div style=\"text-align: center;\">[button url=\"https:\/\/www.chariotshopping.com\/wp-content\/uploads\/Drakkar-Catalogue-2018-5.pdf\" class=\"button\" size=\"small\" color=\"cool-blue\" target=\"_blank\" lightbox_content=\"\" lightbox_description=\"\"] T\u00e9l\u00e9chargez notre catalogue complet [\/button]<\/div><p>[divider style=\"hr-solid\"]<\/p><\/div>","_et_gb_content_width":"","footnotes":""},"class_list":["post-7746","page","type-page","status-publish","hentry"],"acf":[],"yoast_head":"<!-- This site is optimized with the Yoast SEO plugin v27.1.1 - https:\/\/yoast.com\/product\/yoast-seo-wordpress\/ -->\n<title>Motorized Shopping Cart and wheelchair Cart | Chariot Shopping<\/title>\n<meta name=\"description\" content=\"Adapt the shopping experience for everyone with motorized shopping carts and wheelchair carts for people with reduced mobility.\" \/>\n<meta name=\"robots\" content=\"index, follow, max-snippet:-1, max-image-preview:large, max-video-preview:-1\" \/>\n<link rel=\"canonical\" href=\"https:\/\/www.chariotshopping.com\/chariot-epicerie-handicape\/\" \/>\n<meta property=\"og:locale\" content=\"en_US\" \/>\n<meta property=\"og:type\" content=\"article\" \/>\n<meta property=\"og:title\" content=\"Motorized Shopping Cart and wheelchair Cart | Chariot Shopping\" \/>\n<meta property=\"og:description\" content=\"Adapt the shopping experience for everyone with motorized shopping carts and wheelchair carts for people with reduced mobility.\" \/>\n<meta property=\"og:url\" content=\"https:\/\/www.chariotshopping.com\/chariot-epicerie-handicape\/\" \/>\n<meta property=\"og:site_name\" content=\"Chariot Shopping\" \/>\n<meta property=\"article:publisher\" content=\"https:\/\/www.facebook.com\/DrakkarInternational\/\" \/>\n<meta property=\"article:modified_time\" content=\"2026-04-14T14:07:22+00:00\" \/>\n<meta name=\"twitter:card\" content=\"summary_large_image\" \/>\n<meta name=\"twitter:label1\" content=\"Est. reading time\" \/>\n\t<meta name=\"twitter:data1\" content=\"1 minute\" \/>\n<script type=\"application\/ld+json\" class=\"yoast-schema-graph\">{\"@context\":\"https:\/\/schema.org\",\"@graph\":[{\"@type\":\"WebPage\",\"@id\":\"https:\/\/www.chariotshopping.com\/chariot-epicerie-handicape\/\",\"url\":\"https:\/\/www.chariotshopping.com\/chariot-epicerie-handicape\/\",\"name\":\"Motorized Shopping Cart and wheelchair Cart | Chariot Shopping\",\"isPartOf\":{\"@id\":\"https:\/\/www.chariotshopping.com\/#website\"},\"datePublished\":\"2019-05-13T17:30:38+00:00\",\"dateModified\":\"2026-04-14T14:07:22+00:00\",\"description\":\"Adapt the shopping experience for everyone with motorized shopping carts and wheelchair carts for people with reduced mobility.\",\"breadcrumb\":{\"@id\":\"https:\/\/www.chariotshopping.com\/chariot-epicerie-handicape\/#breadcrumb\"},\"inLanguage\":\"en-US\",\"potentialAction\":[{\"@type\":\"ReadAction\",\"target\":[\"https:\/\/www.chariotshopping.com\/chariot-epicerie-handicape\/\"]}]},{\"@type\":\"BreadcrumbList\",\"@id\":\"https:\/\/www.chariotshopping.com\/chariot-epicerie-handicape\/#breadcrumb\",\"itemListElement\":[{\"@type\":\"ListItem\",\"position\":1,\"name\":\"Accueil\",\"item\":\"https:\/\/www.chariotshopping.com\/\"},{\"@type\":\"ListItem\",\"position\":2,\"name\":\"Mobility Shopping Cart\"}]},{\"@type\":\"WebSite\",\"@id\":\"https:\/\/www.chariotshopping.com\/#website\",\"url\":\"https:\/\/www.chariotshopping.com\/\",\"name\":\"Chariot Shopping\",\"description\":\"\",\"publisher\":{\"@id\":\"https:\/\/www.chariotshopping.com\/#organization\"},\"potentialAction\":[{\"@type\":\"SearchAction\",\"target\":{\"@type\":\"EntryPoint\",\"urlTemplate\":\"https:\/\/www.chariotshopping.com\/?s={search_term_string}\"},\"query-input\":{\"@type\":\"PropertyValueSpecification\",\"valueRequired\":true,\"valueName\":\"search_term_string\"}}],\"inLanguage\":\"en-US\"},{\"@type\":\"Organization\",\"@id\":\"https:\/\/www.chariotshopping.com\/#organization\",\"name\":\"Drakkar International\",\"url\":\"https:\/\/www.chariotshopping.com\/\",\"logo\":{\"@type\":\"ImageObject\",\"inLanguage\":\"en-US\",\"@id\":\"https:\/\/www.chariotshopping.com\/#\/schema\/logo\/image\/\",\"url\":\"https:\/\/www.chariotshopping.com\/wp-content\/uploads\/2020\/05\/chariot-shopping-logo.jpg\",\"contentUrl\":\"https:\/\/www.chariotshopping.com\/wp-content\/uploads\/2020\/05\/chariot-shopping-logo.jpg\",\"width\":250,\"height\":104,\"caption\":\"Drakkar International\"},\"image\":{\"@id\":\"https:\/\/www.chariotshopping.com\/#\/schema\/logo\/image\/\"},\"sameAs\":[\"https:\/\/www.facebook.com\/DrakkarInternational\/\"]}]}<\/script>\n<!-- \/ Yoast SEO plugin. -->","yoast_head_json":{"title":"Motorized Shopping Cart and wheelchair Cart | Chariot Shopping","description":"Adapt the shopping experience for everyone with motorized shopping carts and wheelchair carts for people with reduced mobility.","robots":{"index":"index","follow":"follow","max-snippet":"max-snippet:-1","max-image-preview":"max-image-preview:large","max-video-preview":"max-video-preview:-1"},"canonical":"https:\/\/www.chariotshopping.com\/chariot-epicerie-handicape\/","og_locale":"en_US","og_type":"article","og_title":"Motorized Shopping Cart and wheelchair Cart | Chariot Shopping","og_description":"Adapt the shopping experience for everyone with motorized shopping carts and wheelchair carts for people with reduced mobility.","og_url":"https:\/\/www.chariotshopping.com\/chariot-epicerie-handicape\/","og_site_name":"Chariot Shopping","article_publisher":"https:\/\/www.facebook.com\/DrakkarInternational\/","article_modified_time":"2026-04-14T14:07:22+00:00","twitter_card":"summary_large_image","twitter_misc":{"Est. reading time":"1 minute"},"schema":{"@context":"https:\/\/schema.org","@graph":[{"@type":"WebPage","@id":"https:\/\/www.chariotshopping.com\/chariot-epicerie-handicape\/","url":"https:\/\/www.chariotshopping.com\/chariot-epicerie-handicape\/","name":"Motorized Shopping Cart and wheelchair Cart | Chariot Shopping","isPartOf":{"@id":"https:\/\/www.chariotshopping.com\/#website"},"datePublished":"2019-05-13T17:30:38+00:00","dateModified":"2026-04-14T14:07:22+00:00","description":"Adapt the shopping experience for everyone with motorized shopping carts and wheelchair carts for people with reduced mobility.","breadcrumb":{"@id":"https:\/\/www.chariotshopping.com\/chariot-epicerie-handicape\/#breadcrumb"},"inLanguage":"en-US","potentialAction":[{"@type":"ReadAction","target":["https:\/\/www.chariotshopping.com\/chariot-epicerie-handicape\/"]}]},{"@type":"BreadcrumbList","@id":"https:\/\/www.chariotshopping.com\/chariot-epicerie-handicape\/#breadcrumb","itemListElement":[{"@type":"ListItem","position":1,"name":"Accueil","item":"https:\/\/www.chariotshopping.com\/"},{"@type":"ListItem","position":2,"name":"Mobility Shopping Cart"}]},{"@type":"WebSite","@id":"https:\/\/www.chariotshopping.com\/#website","url":"https:\/\/www.chariotshopping.com\/","name":"Chariot Shopping","description":"","publisher":{"@id":"https:\/\/www.chariotshopping.com\/#organization"},"potentialAction":[{"@type":"SearchAction","target":{"@type":"EntryPoint","urlTemplate":"https:\/\/www.chariotshopping.com\/?s={search_term_string}"},"query-input":{"@type":"PropertyValueSpecification","valueRequired":true,"valueName":"search_term_string"}}],"inLanguage":"en-US"},{"@type":"Organization","@id":"https:\/\/www.chariotshopping.com\/#organization","name":"Drakkar International","url":"https:\/\/www.chariotshopping.com\/","logo":{"@type":"ImageObject","inLanguage":"en-US","@id":"https:\/\/www.chariotshopping.com\/#\/schema\/logo\/image\/","url":"https:\/\/www.chariotshopping.com\/wp-content\/uploads\/2020\/05\/chariot-shopping-logo.jpg","contentUrl":"https:\/\/www.chariotshopping.com\/wp-content\/uploads\/2020\/05\/chariot-shopping-logo.jpg","width":250,"height":104,"caption":"Drakkar International"},"image":{"@id":"https:\/\/www.chariotshopping.com\/#\/schema\/logo\/image\/"},"sameAs":["https:\/\/www.facebook.com\/DrakkarInternational\/"]}]}},"_links":{"self":[{"href":"https:\/\/www.chariotshopping.com\/en\/wp-json\/wp\/v2\/pages\/7746","targetHints":{"allow":["GET"]}}],"collection":[{"href":"https:\/\/www.chariotshopping.com\/en\/wp-json\/wp\/v2\/pages"}],"about":[{"href":"https:\/\/www.chariotshopping.com\/en\/wp-json\/wp\/v2\/types\/page"}],"author":[{"embeddable":true,"href":"https:\/\/www.chariotshopping.com\/en\/wp-json\/wp\/v2\/users\/1"}],"replies":[{"embeddable":true,"href":"https:\/\/www.chariotshopping.com\/en\/wp-json\/wp\/v2\/comments?post=7746"}],"version-history":[{"count":19,"href":"https:\/\/www.chariotshopping.com\/en\/wp-json\/wp\/v2\/pages\/7746\/revisions"}],"predecessor-version":[{"id":56470,"href":"https:\/\/www.chariotshopping.com\/en\/wp-json\/wp\/v2\/pages\/7746\/revisions\/56470"}],"wp:attachment":[{"href":"https:\/\/www.chariotshopping.com\/en\/wp-json\/wp\/v2\/media?parent=7746"}],"curies":[{"name":"wp","href":"https:\/\/api.w.org\/{rel}","templated":true}]}}