{"id":7744,"date":"2019-05-13T17:29:42","date_gmt":"2019-05-13T17:29:42","guid":{"rendered":"http:\/\/bedard.conceptionsweb.ca\/cart-corrals\/"},"modified":"2026-04-14T10:06:45","modified_gmt":"2026-04-14T14:06:45","slug":"cart-corrals","status":"publish","type":"page","link":"https:\/\/www.chariotshopping.com\/en\/cart-corrals\/","title":{"rendered":"Cart Corral"},"content":{"rendered":"<p>[et_pb_section fb_built=&#8221;1&#8243; _builder_version=&#8221;4.16&#8243; background_color=&#8221;#0d50a4&#8243; custom_margin=&#8221;0px|0px|0px|0px&#8221; custom_padding=&#8221;0px|0px|0px|0px&#8221; z_index_tablet=&#8221;500&#8243; global_colors_info=&#8221;{}&#8221;][et_pb_row _builder_version=&#8221;4.16&#8243; background_image=&#8221;https:\/\/www.chariotshopping.com\/wp-content\/uploads\/2019\/05\/banner-diagonal.png&#8221; module_alignment=&#8221;center&#8221; custom_padding=&#8221;40px||40px|&#8221; z_index_tablet=&#8221;500&#8243; width_unit=&#8221;off&#8221; global_colors_info=&#8221;{}&#8221;][et_pb_column type=&#8221;4_4&#8243; _builder_version=&#8221;4.16&#8243; custom_padding=&#8221;|||&#8221; global_colors_info=&#8221;{}&#8221; custom_padding__hover=&#8221;|||&#8221;][et_pb_post_title meta=&#8221;off&#8221; featured_image=&#8221;off&#8221; text_color=&#8221;light&#8221; _builder_version=&#8221;4.16&#8243; background_color_gradient_direction=&#8221;200deg&#8221; custom_margin=&#8221;||0px|&#8221; z_index_tablet=&#8221;500&#8243; global_colors_info=&#8221;{}&#8221;][\/et_pb_post_title][et_pb_text _builder_version=&#8221;4.16&#8243; z_index_tablet=&#8221;500&#8243; global_colors_info=&#8221;{}&#8221;]<nav aria-label=\"breadcrumbs\">\n            <div class=\"breadcrumb-container theme1\">\n                <ol>\n                    <li><a title=\"You are here\" href=\"#\"><span>You are here<\/span><\/a><span class=\"separator\">\u2192<\/span><\/li>\n                    <\/ol>\n            <\/div>\n        <\/nav>    <script type=\"application\/ld+json\">\n        {\n            \"@context\": \"http:\/\/schema.org\",\n            \"@type\": \"BreadcrumbList\",\n            \"itemListElement\": [\n                 {\n                            \"@type\": \"ListItem\",\n                            \"position\": 1,\n                            \"item\": {\n                                \"@id\": \"#\",\n                                \"name\": \"You are here\"\n                            }\n                        }\n                                                    ]\n        }\n    <\/script>\n   \n    <script>\n            <\/script>\n<br \/>\n[\/et_pb_text][\/et_pb_column][\/et_pb_row][\/et_pb_section][et_pb_section fb_built=&#8221;1&#8243; _builder_version=&#8221;4.16&#8243; custom_margin=&#8221;||||false|false&#8221; custom_padding=&#8221;||40px||false|false&#8221; global_colors_info=&#8221;{}&#8221;][et_pb_row _builder_version=&#8221;4.16&#8243; custom_margin=&#8221;||0px|&#8221; custom_padding=&#8221;||0px|&#8221; z_index_tablet=&#8221;500&#8243; global_colors_info=&#8221;{}&#8221;][et_pb_column type=&#8221;4_4&#8243; _builder_version=&#8221;4.16&#8243; custom_padding=&#8221;|||&#8221; global_colors_info=&#8221;{}&#8221; custom_padding__hover=&#8221;|||&#8221;][et_pb_text _builder_version=&#8221;4.16&#8243; text_font_size=&#8221;18px&#8221; header_font=&#8221;|600|||||||&#8221; header_line_height=&#8221;1.1em&#8221; header_2_font=&#8221;|600|||||||&#8221; header_2_font_size=&#8221;40px&#8221; header_2_line_height=&#8221;1.1em&#8221; z_index_tablet=&#8221;500&#8243; global_colors_info=&#8221;{}&#8221;]<\/p>\n<h2>Protect your carts with a personalized shopping cart corral.<\/h2>\n<p>[\/et_pb_text][et_pb_text _builder_version=&#8221;4.16&#8243; text_font_size=&#8221;18px&#8221; z_index_tablet=&#8221;500&#8243; global_colors_info=&#8221;{}&#8221;]<\/p>\n<p>Protect your shopping carts by installing a galvanized steel cart corral. Different sizes, different models (protected sides, background) and different colours are available, as well as the ability to customize it to reflect your brand. <\/p>\n<p>[\/et_pb_text][\/et_pb_column][\/et_pb_row][\/et_pb_section][et_pb_section fb_built=&#8221;1&#8243; _builder_version=&#8221;4.16&#8243; custom_padding=&#8221;40px||6px||false|false&#8221; global_colors_info=&#8221;{}&#8221;][et_pb_row module_class=&#8221;ds-vertical-align&#8221; _builder_version=&#8221;4.16&#8243; module_alignment=&#8221;center&#8221; custom_margin=&#8221;0px|||&#8221; custom_padding=&#8221;0px|||&#8221; z_index_tablet=&#8221;500&#8243; width_unit=&#8221;off&#8221; global_colors_info=&#8221;{}&#8221;][et_pb_column type=&#8221;4_4&#8243; _builder_version=&#8221;4.16&#8243; custom_padding=&#8221;|||&#8221; global_colors_info=&#8221;{}&#8221; custom_padding__hover=&#8221;|||&#8221;][et_pb_shop type=&#8221;product_category&#8221; posts_number=&#8221;1000&#8243; include_categories=&#8221;133&#8243; orderby=&#8221;menu_order&#8221; hover_overlay_color=&#8221;rgba(255,255,255,0.6)&#8221; hover_icon=&#8221;&#xe015;||divi||400&#8243; module_class=&#8221;store&#8221; _builder_version=&#8221;4.16&#8243; text_orientation=&#8221;center&#8221; z_index_tablet=&#8221;500&#8243; border_color_all=&#8221;#022c74&#8243; global_colors_info=&#8221;{}&#8221;][\/et_pb_shop][et_pb_text _builder_version=&#8221;4.16&#8243; _module_preset=&#8221;default&#8221; global_colors_info=&#8221;{}&#8221;]<\/p>\n<h3 style=\"text-align: center;\"><a href=\"\/en\/shopping-trolleys-metal\/\">\u2192 See our shopping carts<\/a><\/h3>\n<p>[\/et_pb_text][\/et_pb_column][\/et_pb_row][\/et_pb_section][et_pb_section fb_built=&#8221;1&#8243; _builder_version=&#8221;4.16&#8243; custom_padding=&#8221;13px|||||&#8221; global_colors_info=&#8221;{}&#8221;][et_pb_row module_class=&#8221;ds-vertical-align&#8221; _builder_version=&#8221;4.16&#8243; module_alignment=&#8221;center&#8221; custom_margin=&#8221;0px|||&#8221; custom_padding=&#8221;0px|||&#8221; z_index_tablet=&#8221;500&#8243; width_unit=&#8221;off&#8221; global_colors_info=&#8221;{}&#8221;][et_pb_column type=&#8221;4_4&#8243; _builder_version=&#8221;4.16&#8243; custom_padding=&#8221;|||&#8221; global_colors_info=&#8221;{}&#8221; custom_padding__hover=&#8221;|||&#8221;][et_pb_button button_url=&#8221;#&#8221; button_text=&#8221;Download our catalog&#8221; button_alignment=&#8221;center&#8221; module_class=&#8221;popmake-54086&#8243; _builder_version=&#8221;4.27.6&#8243; custom_button=&#8221;on&#8221; button_text_size=&#8221;16px&#8221; button_text_color=&#8221;#ffffff&#8221; button_bg_color=&#8221;#0D50A4&#8243; button_border_width=&#8221;0px&#8221; custom_margin=&#8221;-7px|||||&#8221; hover_enabled=&#8221;0&#8243; box_shadow_style=&#8221;preset1&#8243; global_colors_info=&#8221;{}&#8221; sticky_enabled=&#8221;0&#8243;][\/et_pb_button][\/et_pb_column][\/et_pb_row][\/et_pb_section]<\/p>\n","protected":false},"excerpt":{"rendered":"<p><nav aria-label=\"breadcrumbs\">\n            <div class=\"breadcrumb-container theme1\">\n                <ol>\n                    <li><a title=\"You are here\" href=\"#\"><span>You are here<\/span><\/a><span class=\"separator\">\u2192<\/span><\/li>\n                    <\/ol>\n            <\/div>\n        <\/nav>    <script type=\"application\/ld+json\">\n        {\n            \"@context\": \"http:\/\/schema.org\",\n            \"@type\": \"BreadcrumbList\",\n            \"itemListElement\": [\n                 {\n                            \"@type\": \"ListItem\",\n                            \"position\": 1,\n                            \"item\": {\n                                \"@id\": \"#\",\n                                \"name\": \"You are here\"\n                            }\n                        }\n                                                    ]\n        }\n    <\/script>\n   \n    <script>\n            <\/script>\n Protect your carts with a personalized shopping cart corral.Protect your shopping carts by installing a galvanized steel cart corral. Different sizes, different models (protected sides, background) and different colours are available, as well as the ability to customize it to reflect your brand. \u2192 See our shopping carts<\/p>\n","protected":false},"author":1,"featured_media":0,"parent":0,"menu_order":0,"comment_status":"open","ping_status":"closed","template":"","meta":{"_acf_changed":false,"_et_pb_use_builder":"on","_et_pb_old_content":"<div style=\"padding-bottom: 25px;\"><h1>Abris pour chariots d'\u00e9picerie et de magasinage<\/h1><h4><span style=\"color: #333333;\">Prot\u00e9gez votre mat\u00e9riel roulant en installant un abri couvert \u00e0 chariots de magasinage en acier galvanis\u00e9. Diff\u00e9rentes dimensions, diff\u00e9rents mod\u00e8les (c\u00f4t\u00e9s prot\u00e9g\u00e9s, fond en appliqu\u00e9) et diff\u00e9rentes couleurs sont disponibles.<\/span><\/h4><\/div><div style=\"padding-bottom: 25px;\">[one_fourth]<br \/>[lightbox_image size=\"full-fourth-portrait\" image_path=\"https:\/\/www.chariotshopping.com\/wp-content\/uploads\/Canadian-Tire-Covered-Cart-Corral_thumb.jpg\" \u00a0lightbox_content=\"https:\/\/www.chariotshopping.com\/wp-content\/uploads\/abris\/Canadian-Tire-Covered-Cart-Corral.jpg\" alt=\"Abri chariot CART 1\" group=\"\" description=\"Abri chariot supermarch\u00e9 CART 1\"]<h4>ABRI CART 1<\/h4><h6>Abri couvert 1 stationnement<\/h6><p><b>Dimension \u2013 Lo x La :<\/b><br \/>4648 x 2438mm<br \/>(15,25 x 8 pi.)<\/p><p>[\/one_fourth]<br \/>[one_fourth]<br \/>[lightbox_image size=\"full-fourth-portrait\" image_path=\"https:\/\/www.chariotshopping.com\/wp-content\/uploads\/Longos-Covered-Cart-Corral-Installed-013_thumb.jpg\" \u00a0lightbox_content=\"https:\/\/www.chariotshopping.com\/wp-content\/uploads\/abris\/Longos-Covered-Cart-Corral-Installed-013.jpg\"\u00a0alt=\"Abri chariot CART CART 1 PRO\" group=\"\" description=\"Abri chariot supermarch\u00e9 CART 1 PRO\"]<\/p><h4>ABRI CART 1 PRO<\/h4><h6>Abri couvert et prot\u00e9g\u00e9, avec 2 s\u00e9parateurs de rang\u00e9e et fond en appliqu\u00e9.<\/h6><p>[\/one_fourth]<br \/>[one_fourth]<br \/>[lightbox_image size=\"full-fourth-portrait\" image_path=\"https:\/\/www.chariotshopping.com\/wp-content\/uploads\/Triple-Wide-back-to-back_thumb.jpg\" \u00a0lightbox_content=\"https:\/\/www.chariotshopping.com\/wp-content\/uploads\/abris\/Triple-Wide-back-to-back.jpg\" alt=\"Abri chariot CART 2 PL\" group=\"\" description=\"Abri chariot CART 2 PL\"]<\/p><h4>ABRI CART 2 PL<\/h4><h6>Espace triple 2 stationnements<\/h6><p>[\/one_fourth]<br \/>[one_fourth]<br \/>[lightbox_image size=\"full-fourth-portrait\" image_path=\"https:\/\/www.chariotshopping.com\/wp-content\/uploads\/Home-Depot-Cart-Corrals-001_thumb.jpg\" lightbox_content=\"https:\/\/www.chariotshopping.com\/wp-content\/uploads\/abris\/Home-Depot-Cart-Corrals-001.jpg\" alt=\"Abri chariot CART 2 PL\" group=\"\" description=\"Abri chariot CART 2 PL\"]<\/p><h4>ABRI CART 2 PL<\/h4><h6>Espace double 2 parking<\/h6><p>[\/one_fourth]<\/p><p>\u00a0<\/p><p>\u00a0<\/p><p>[one_fourth]<br \/>[lightbox_image size=\"full-fourth-portrait\" image_path=\"https:\/\/www.chariotshopping.com\/wp-content\/uploads\/abris-ext\u00e9rieur-rang\u00e9-de-protection.jpg\" lightbox_content=\"https:\/\/www.chariotshopping.com\/wp-content\/uploads\/abris-ext\u00e9rieur-rang\u00e9-de-protection.jpg\" alt=\"Abri chariot DK-Barriere\" group=\"\" description=\"Abri chariot DK-Barriere\"]<\/p><h4>DK-BARRIERE<\/h4><h6>Barri\u00e8re de protection pour mur ext\u00e9rieur ou int\u00e9rieur<\/h6><p>[\/one_fourth]<br \/>[one_fourth]<br \/>[lightbox_image size=\"full-fourth-portrait\" image_path=\"https:\/\/www.chariotshopping.com\/wp-content\/uploads\/Abri-IGA-Extra_thumb.jpg\" lightbox_content=\"https:\/\/www.chariotshopping.com\/wp-content\/uploads\/abris\/Abri-IGA-Extra.jpg\" alt=\"Abri chariot Projet IGA\" group=\"\" description=\"Abri chariot Projet IGA\"]<\/p><h4>Projet IGA<\/h4><h6>Abri prot\u00e9g\u00e9 sur 3 faces<\/h6><p>[\/one_fourth]<br \/>[one_fourth]<br \/>[lightbox_image size=\"full-fourth-portrait\" image_path=\"https:\/\/www.chariotshopping.com\/wp-content\/uploads\/Abri-Adonis-Laval_thumb.jpg\" lightbox_content=\"https:\/\/www.chariotshopping.com\/wp-content\/uploads\/abris\/Abri-Adonis-Laval.jpg\" alt=\"Abri chariot Projet Adonis\" group=\"\" description=\"Abri chariot Projet Adonis\"]<\/p><h4>Projet Adonis<\/h4><h6>2 abris face \u00e0 face<\/h6><p>[\/one_fourth]<\/p><p>[one_fourth]<\/p><div class=\"seeAll\"><a class=\"seeAllL\" href=\"https:\/\/www.chariotshopping.com\/produits\/tous-les-produits\/\">Voir tous les produits >> <\/a><\/div><p>[\/one_fourth]<\/p><p>[divider style=\"hr-solid\"]<\/p><div style=\"text-align: center;\">[button url=\"https:\/\/www.chariotshopping.com\/wp-content\/uploads\/Drakkar-Catalogue-2018-5.pdf\" class=\"button\" size=\"small\" color=\"cool-blue\" target=\"_blank\" lightbox_content=\"\" lightbox_description=\"\"] T\u00e9l\u00e9chargez notre catalogue complet [\/button]<\/div><p>[divider style=\"hr-solid\"]<\/p><\/div>","_et_gb_content_width":"","footnotes":""},"class_list":["post-7744","page","type-page","status-publish","hentry"],"acf":[],"yoast_head":"<!-- This site is optimized with the Yoast SEO plugin v27.1.1 - https:\/\/yoast.com\/product\/yoast-seo-wordpress\/ -->\n<title>Cart Corral for shopping trolleys | Drakkar International<\/title>\n<meta name=\"description\" content=\"Protect your baskets and shopping trolleys by installing a covered galvanized steel shelter available in several models and customizable!\" \/>\n<meta name=\"robots\" content=\"index, follow, max-snippet:-1, max-image-preview:large, max-video-preview:-1\" \/>\n<link rel=\"canonical\" href=\"https:\/\/www.chariotshopping.com\/abri-chariot\/\" \/>\n<meta property=\"og:locale\" content=\"en_US\" \/>\n<meta property=\"og:type\" content=\"article\" \/>\n<meta property=\"og:title\" content=\"Cart Corral for shopping trolleys | Drakkar International\" \/>\n<meta property=\"og:description\" content=\"Protect your baskets and shopping trolleys by installing a covered galvanized steel shelter available in several models and customizable!\" \/>\n<meta property=\"og:url\" content=\"https:\/\/www.chariotshopping.com\/abri-chariot\/\" \/>\n<meta property=\"og:site_name\" content=\"Chariot Shopping\" \/>\n<meta property=\"article:publisher\" content=\"https:\/\/www.facebook.com\/DrakkarInternational\/\" \/>\n<meta property=\"article:modified_time\" content=\"2026-04-14T14:06:45+00:00\" \/>\n<meta name=\"twitter:card\" content=\"summary_large_image\" \/>\n<meta name=\"twitter:label1\" content=\"Est. reading time\" \/>\n\t<meta name=\"twitter:data1\" content=\"3 minutes\" \/>\n<script type=\"application\/ld+json\" class=\"yoast-schema-graph\">{\"@context\":\"https:\/\/schema.org\",\"@graph\":[{\"@type\":\"WebPage\",\"@id\":\"https:\/\/www.chariotshopping.com\/abri-chariot\/\",\"url\":\"https:\/\/www.chariotshopping.com\/abri-chariot\/\",\"name\":\"Cart Corral for shopping trolleys | Drakkar International\",\"isPartOf\":{\"@id\":\"https:\/\/www.chariotshopping.com\/#website\"},\"datePublished\":\"2019-05-13T17:29:42+00:00\",\"dateModified\":\"2026-04-14T14:06:45+00:00\",\"description\":\"Protect your baskets and shopping trolleys by installing a covered galvanized steel shelter available in several models and customizable!\",\"breadcrumb\":{\"@id\":\"https:\/\/www.chariotshopping.com\/abri-chariot\/#breadcrumb\"},\"inLanguage\":\"en-US\",\"potentialAction\":[{\"@type\":\"ReadAction\",\"target\":[\"https:\/\/www.chariotshopping.com\/abri-chariot\/\"]}]},{\"@type\":\"BreadcrumbList\",\"@id\":\"https:\/\/www.chariotshopping.com\/abri-chariot\/#breadcrumb\",\"itemListElement\":[{\"@type\":\"ListItem\",\"position\":1,\"name\":\"Accueil\",\"item\":\"https:\/\/www.chariotshopping.com\/\"},{\"@type\":\"ListItem\",\"position\":2,\"name\":\"Cart Corral\"}]},{\"@type\":\"WebSite\",\"@id\":\"https:\/\/www.chariotshopping.com\/#website\",\"url\":\"https:\/\/www.chariotshopping.com\/\",\"name\":\"Chariot Shopping\",\"description\":\"\",\"publisher\":{\"@id\":\"https:\/\/www.chariotshopping.com\/#organization\"},\"potentialAction\":[{\"@type\":\"SearchAction\",\"target\":{\"@type\":\"EntryPoint\",\"urlTemplate\":\"https:\/\/www.chariotshopping.com\/?s={search_term_string}\"},\"query-input\":{\"@type\":\"PropertyValueSpecification\",\"valueRequired\":true,\"valueName\":\"search_term_string\"}}],\"inLanguage\":\"en-US\"},{\"@type\":\"Organization\",\"@id\":\"https:\/\/www.chariotshopping.com\/#organization\",\"name\":\"Drakkar International\",\"url\":\"https:\/\/www.chariotshopping.com\/\",\"logo\":{\"@type\":\"ImageObject\",\"inLanguage\":\"en-US\",\"@id\":\"https:\/\/www.chariotshopping.com\/#\/schema\/logo\/image\/\",\"url\":\"https:\/\/www.chariotshopping.com\/wp-content\/uploads\/2020\/05\/chariot-shopping-logo.jpg\",\"contentUrl\":\"https:\/\/www.chariotshopping.com\/wp-content\/uploads\/2020\/05\/chariot-shopping-logo.jpg\",\"width\":250,\"height\":104,\"caption\":\"Drakkar International\"},\"image\":{\"@id\":\"https:\/\/www.chariotshopping.com\/#\/schema\/logo\/image\/\"},\"sameAs\":[\"https:\/\/www.facebook.com\/DrakkarInternational\/\"]}]}<\/script>\n<!-- \/ Yoast SEO plugin. -->","yoast_head_json":{"title":"Cart Corral for shopping trolleys | Drakkar International","description":"Protect your baskets and shopping trolleys by installing a covered galvanized steel shelter available in several models and customizable!","robots":{"index":"index","follow":"follow","max-snippet":"max-snippet:-1","max-image-preview":"max-image-preview:large","max-video-preview":"max-video-preview:-1"},"canonical":"https:\/\/www.chariotshopping.com\/abri-chariot\/","og_locale":"en_US","og_type":"article","og_title":"Cart Corral for shopping trolleys | Drakkar International","og_description":"Protect your baskets and shopping trolleys by installing a covered galvanized steel shelter available in several models and customizable!","og_url":"https:\/\/www.chariotshopping.com\/abri-chariot\/","og_site_name":"Chariot Shopping","article_publisher":"https:\/\/www.facebook.com\/DrakkarInternational\/","article_modified_time":"2026-04-14T14:06:45+00:00","twitter_card":"summary_large_image","twitter_misc":{"Est. reading time":"3 minutes"},"schema":{"@context":"https:\/\/schema.org","@graph":[{"@type":"WebPage","@id":"https:\/\/www.chariotshopping.com\/abri-chariot\/","url":"https:\/\/www.chariotshopping.com\/abri-chariot\/","name":"Cart Corral for shopping trolleys | Drakkar International","isPartOf":{"@id":"https:\/\/www.chariotshopping.com\/#website"},"datePublished":"2019-05-13T17:29:42+00:00","dateModified":"2026-04-14T14:06:45+00:00","description":"Protect your baskets and shopping trolleys by installing a covered galvanized steel shelter available in several models and customizable!","breadcrumb":{"@id":"https:\/\/www.chariotshopping.com\/abri-chariot\/#breadcrumb"},"inLanguage":"en-US","potentialAction":[{"@type":"ReadAction","target":["https:\/\/www.chariotshopping.com\/abri-chariot\/"]}]},{"@type":"BreadcrumbList","@id":"https:\/\/www.chariotshopping.com\/abri-chariot\/#breadcrumb","itemListElement":[{"@type":"ListItem","position":1,"name":"Accueil","item":"https:\/\/www.chariotshopping.com\/"},{"@type":"ListItem","position":2,"name":"Cart Corral"}]},{"@type":"WebSite","@id":"https:\/\/www.chariotshopping.com\/#website","url":"https:\/\/www.chariotshopping.com\/","name":"Chariot Shopping","description":"","publisher":{"@id":"https:\/\/www.chariotshopping.com\/#organization"},"potentialAction":[{"@type":"SearchAction","target":{"@type":"EntryPoint","urlTemplate":"https:\/\/www.chariotshopping.com\/?s={search_term_string}"},"query-input":{"@type":"PropertyValueSpecification","valueRequired":true,"valueName":"search_term_string"}}],"inLanguage":"en-US"},{"@type":"Organization","@id":"https:\/\/www.chariotshopping.com\/#organization","name":"Drakkar International","url":"https:\/\/www.chariotshopping.com\/","logo":{"@type":"ImageObject","inLanguage":"en-US","@id":"https:\/\/www.chariotshopping.com\/#\/schema\/logo\/image\/","url":"https:\/\/www.chariotshopping.com\/wp-content\/uploads\/2020\/05\/chariot-shopping-logo.jpg","contentUrl":"https:\/\/www.chariotshopping.com\/wp-content\/uploads\/2020\/05\/chariot-shopping-logo.jpg","width":250,"height":104,"caption":"Drakkar International"},"image":{"@id":"https:\/\/www.chariotshopping.com\/#\/schema\/logo\/image\/"},"sameAs":["https:\/\/www.facebook.com\/DrakkarInternational\/"]}]}},"_links":{"self":[{"href":"https:\/\/www.chariotshopping.com\/en\/wp-json\/wp\/v2\/pages\/7744","targetHints":{"allow":["GET"]}}],"collection":[{"href":"https:\/\/www.chariotshopping.com\/en\/wp-json\/wp\/v2\/pages"}],"about":[{"href":"https:\/\/www.chariotshopping.com\/en\/wp-json\/wp\/v2\/types\/page"}],"author":[{"embeddable":true,"href":"https:\/\/www.chariotshopping.com\/en\/wp-json\/wp\/v2\/users\/1"}],"replies":[{"embeddable":true,"href":"https:\/\/www.chariotshopping.com\/en\/wp-json\/wp\/v2\/comments?post=7744"}],"version-history":[{"count":16,"href":"https:\/\/www.chariotshopping.com\/en\/wp-json\/wp\/v2\/pages\/7744\/revisions"}],"predecessor-version":[{"id":56469,"href":"https:\/\/www.chariotshopping.com\/en\/wp-json\/wp\/v2\/pages\/7744\/revisions\/56469"}],"wp:attachment":[{"href":"https:\/\/www.chariotshopping.com\/en\/wp-json\/wp\/v2\/media?parent=7744"}],"curies":[{"name":"wp","href":"https:\/\/api.w.org\/{rel}","templated":true}]}}