{"id":7740,"date":"2019-05-13T17:27:53","date_gmt":"2019-05-13T17:27:53","guid":{"rendered":"http:\/\/bedard.conceptionsweb.ca\/shelving\/"},"modified":"2026-04-14T10:10:05","modified_gmt":"2026-04-14T14:10:05","slug":"shelving","status":"publish","type":"page","link":"https:\/\/www.chariotshopping.com\/en\/shelving\/","title":{"rendered":"Shelving"},"content":{"rendered":"<p>[et_pb_section fb_built=&#8221;1&#8243; _builder_version=&#8221;4.16&#8243; background_color=&#8221;#0d50a4&#8243; custom_margin=&#8221;0px|0px|0px|0px&#8221; custom_padding=&#8221;0px|0px|0px|0px&#8221; z_index_tablet=&#8221;500&#8243; global_colors_info=&#8221;{}&#8221;][et_pb_row _builder_version=&#8221;4.16&#8243; background_image=&#8221;https:\/\/www.chariotshopping.com\/wp-content\/uploads\/2019\/05\/banner-diagonal.png&#8221; module_alignment=&#8221;center&#8221; custom_padding=&#8221;40px||40px|&#8221; z_index_tablet=&#8221;500&#8243; width_unit=&#8221;off&#8221; global_colors_info=&#8221;{}&#8221;][et_pb_column type=&#8221;4_4&#8243; _builder_version=&#8221;4.16&#8243; custom_padding=&#8221;|||&#8221; global_colors_info=&#8221;{}&#8221; custom_padding__hover=&#8221;|||&#8221;][et_pb_post_title meta=&#8221;off&#8221; featured_image=&#8221;off&#8221; text_color=&#8221;light&#8221; _builder_version=&#8221;4.16&#8243; background_color_gradient_direction=&#8221;200deg&#8221; custom_margin=&#8221;||0px|&#8221; z_index_tablet=&#8221;500&#8243; global_colors_info=&#8221;{}&#8221;][\/et_pb_post_title][et_pb_text _builder_version=&#8221;4.16&#8243; z_index_tablet=&#8221;500&#8243; global_colors_info=&#8221;{}&#8221;]<nav aria-label=\"breadcrumbs\">\n            <div class=\"breadcrumb-container theme1\">\n                <ol>\n                    <li><a title=\"You are here\" href=\"#\"><span>You are here<\/span><\/a><span class=\"separator\">\u2192<\/span><\/li>\n                    <\/ol>\n            <\/div>\n        <\/nav>    <script type=\"application\/ld+json\">\n        {\n            \"@context\": \"http:\/\/schema.org\",\n            \"@type\": \"BreadcrumbList\",\n            \"itemListElement\": [\n                 {\n                            \"@type\": \"ListItem\",\n                            \"position\": 1,\n                            \"item\": {\n                                \"@id\": \"#\",\n                                \"name\": \"You are here\"\n                            }\n                        }\n                                                    ]\n        }\n    <\/script>\n   \n    <script>\n            <\/script>\n<br \/>\n[\/et_pb_text][\/et_pb_column][\/et_pb_row][\/et_pb_section][et_pb_section fb_built=&#8221;1&#8243; _builder_version=&#8221;4.16&#8243; custom_margin=&#8221;||||false|false&#8221; custom_padding=&#8221;||40px||false|false&#8221; global_colors_info=&#8221;{}&#8221;][et_pb_row _builder_version=&#8221;4.16&#8243; custom_margin=&#8221;||0px|&#8221; custom_padding=&#8221;||0px|&#8221; z_index_tablet=&#8221;500&#8243; global_colors_info=&#8221;{}&#8221;][et_pb_column type=&#8221;4_4&#8243; _builder_version=&#8221;4.16&#8243; custom_padding=&#8221;|||&#8221; global_colors_info=&#8221;{}&#8221; custom_padding__hover=&#8221;|||&#8221;][et_pb_text _builder_version=&#8221;4.16&#8243; text_font_size=&#8221;18px&#8221; header_font=&#8221;|600|||||||&#8221; header_line_height=&#8221;1.1em&#8221; header_2_font=&#8221;|600|||||||&#8221; header_2_font_size=&#8221;40px&#8221; header_2_line_height=&#8221;1.1em&#8221; z_index_tablet=&#8221;500&#8243; global_colors_info=&#8221;{}&#8221;]<\/p>\n<h2>Adjustable shelves in chromed wire mesh, with or without wheels<\/h2>\n<p> [\/et_pb_text][et_pb_text _builder_version=&#8221;4.16&#8243; text_font_size=&#8221;18px&#8221; z_index_tablet=&#8221;500&#8243; global_colors_info=&#8221;{}&#8221;]<\/p>\n<h3>Our industrial grade metal storage shelves are ideal for your storage system<\/h3>\n<p>Our wire mesh and chrome finish shelves are used for storage, for the movement of goods or for the planogram change among retailers. We have four shelves that are fully adjustable in height. They are available in a multitude of dimension. With or without wheels. The shelves are sent disassembled in a box.<\/p>\n<p>[\/et_pb_text][\/et_pb_column][\/et_pb_row][\/et_pb_section][et_pb_section fb_built=&#8221;1&#8243; _builder_version=&#8221;4.16&#8243; custom_padding=&#8221;40px||15px||false|false&#8221; global_colors_info=&#8221;{}&#8221;][et_pb_row module_class=&#8221;ds-vertical-align&#8221; _builder_version=&#8221;4.16&#8243; module_alignment=&#8221;center&#8221; custom_margin=&#8221;0px|||&#8221; custom_padding=&#8221;0px|||&#8221; z_index_tablet=&#8221;500&#8243; width_unit=&#8221;off&#8221; global_colors_info=&#8221;{}&#8221;][et_pb_column type=&#8221;4_4&#8243; _builder_version=&#8221;4.16&#8243; custom_padding=&#8221;|||&#8221; global_colors_info=&#8221;{}&#8221; custom_padding__hover=&#8221;|||&#8221;][et_pb_shop type=&#8221;product_category&#8221; posts_number=&#8221;1000&#8243; include_categories=&#8221;131&#8243; orderby=&#8221;menu_order&#8221; hover_overlay_color=&#8221;rgba(255,255,255,0.6)&#8221; hover_icon=&#8221;&#xe015;||divi||400&#8243; module_class=&#8221;store&#8221; _builder_version=&#8221;4.16&#8243; text_orientation=&#8221;center&#8221; z_index_tablet=&#8221;500&#8243; border_color_all=&#8221;#022c74&#8243; global_colors_info=&#8221;{}&#8221;][\/et_pb_shop][et_pb_text _builder_version=&#8221;4.16&#8243; _module_preset=&#8221;default&#8221; global_colors_info=&#8221;{}&#8221;]<\/p>\n<h4 style=\"text-align: center;\"><a href=\"\/en\/shelf-storage-cart\/\">\u2192 Discover our storage cart<\/a><\/h4>\n<p>[\/et_pb_text][\/et_pb_column][\/et_pb_row][\/et_pb_section][et_pb_section fb_built=&#8221;1&#8243; _builder_version=&#8221;4.16&#8243; custom_padding=&#8221;11px|||||&#8221; global_colors_info=&#8221;{}&#8221;][et_pb_row module_class=&#8221;ds-vertical-align&#8221; _builder_version=&#8221;4.16&#8243; module_alignment=&#8221;center&#8221; custom_margin=&#8221;0px|||&#8221; custom_padding=&#8221;0px|||&#8221; z_index_tablet=&#8221;500&#8243; width_unit=&#8221;off&#8221; global_colors_info=&#8221;{}&#8221;][et_pb_column type=&#8221;4_4&#8243; _builder_version=&#8221;4.16&#8243; custom_padding=&#8221;|||&#8221; global_colors_info=&#8221;{}&#8221; custom_padding__hover=&#8221;|||&#8221;][et_pb_button button_url=&#8221;#&#8221; button_text=&#8221;Download our catalog&#8221; button_alignment=&#8221;center&#8221; module_class=&#8221;popmake-54086&#8243; _builder_version=&#8221;4.27.6&#8243; custom_button=&#8221;on&#8221; button_text_size=&#8221;16px&#8221; button_text_color=&#8221;#ffffff&#8221; button_bg_color=&#8221;#0D50A4&#8243; button_border_width=&#8221;0px&#8221; custom_margin=&#8221;-7px|||||&#8221; hover_enabled=&#8221;0&#8243; box_shadow_style=&#8221;preset1&#8243; global_colors_info=&#8221;{}&#8221; sticky_enabled=&#8221;0&#8243;][\/et_pb_button][\/et_pb_column][\/et_pb_row][\/et_pb_section]<\/p>\n","protected":false},"excerpt":{"rendered":"<p><nav aria-label=\"breadcrumbs\">\n            <div class=\"breadcrumb-container theme1\">\n                <ol>\n                    <li><a title=\"You are here\" href=\"#\"><span>You are here<\/span><\/a><span class=\"separator\">\u2192<\/span><\/li>\n                    <\/ol>\n            <\/div>\n        <\/nav>    <script type=\"application\/ld+json\">\n        {\n            \"@context\": \"http:\/\/schema.org\",\n            \"@type\": \"BreadcrumbList\",\n            \"itemListElement\": [\n                 {\n                            \"@type\": \"ListItem\",\n                            \"position\": 1,\n                            \"item\": {\n                                \"@id\": \"#\",\n                                \"name\": \"You are here\"\n                            }\n                        }\n                                                    ]\n        }\n    <\/script>\n   \n    <script>\n            <\/script>\n Adjustable shelves in chromed wire mesh, with or without wheels Our industrial grade metal storage shelves are ideal for your storage system Our wire mesh and chrome finish shelves are used for storage, for the movement of goods or for the planogram change among retailers. We have four shelves that are fully adjustable in [&hellip;]<\/p>\n","protected":false},"author":1,"featured_media":0,"parent":0,"menu_order":0,"comment_status":"open","ping_status":"closed","template":"","meta":{"_acf_changed":false,"_et_pb_use_builder":"on","_et_pb_old_content":"<div>\r\n<h1>\u00c9tag\u00e8res avec et sans roues, en chrome, avec tablettes ajustables<\/h1>\r\n<h4><span style=\"color: #333333\">\u00c9tag\u00e8res en treillis m\u00e9tallique, fini chrom\u00e9, qui sont utilis\u00e9es pour le rangement, pour le d\u00e9placement de marchandise ou pour le changement de planogramme chez les d\u00e9taillants. Ces \u00e9tag\u00e8res poss\u00e8dent quatre tablettes qui sont totalement ajustables en hauteur. Certaines tablettes poss\u00e8dent une durabilit\u00e9 \u00e0 vie. Les \u00e9tag\u00e8res sont disponibles en une multitude de dimensions. Choix avec ou sans roues. L\u2019\u00e9tag\u00e8re est envoy\u00e9e d\u00e9monter dans une bo\u00eete.<\/span><\/h4>\r\n<\/div>\r\n[product_category orderby =\"title\" order=\"ASC\" category=\"etageres\"\u00a0per_page=\"30\" columns=\"4\" ]\r\n\r\n[divider style=\"hr-solid\"]\r\n\r\n<div style=\"text-align: center;\">[button url=\"https:\/\/www.chariotshopping.com\/wp-content\/uploads\/Drakkar-Catalogue-2018-5.pdf\" class=\"button\" size=\"small\" color=\"cool-blue\" target=\"_blank\" lightbox_content=\"\" lightbox_description=\"\"] T\u00e9l\u00e9chargez notre catalogue complet [\/button]<\/div>\r\n\r\n\r\n[divider style=\"hr-solid\"]","_et_gb_content_width":"","footnotes":""},"class_list":["post-7740","page","type-page","status-publish","hentry"],"acf":[],"yoast_head":"<!-- This site is optimized with the Yoast SEO plugin v27.1.1 - https:\/\/yoast.com\/product\/yoast-seo-wordpress\/ -->\n<title>Storage shelf for warehousing | Shelving | Drakkar International<\/title>\n<meta name=\"description\" content=\"Our industrial quality metal shelves are ideal for storing your goods and managing your business inventory.\" \/>\n<meta name=\"robots\" content=\"index, follow, max-snippet:-1, max-image-preview:large, max-video-preview:-1\" \/>\n<link rel=\"canonical\" href=\"https:\/\/www.chariotshopping.com\/etagere-roulante\/\" \/>\n<meta property=\"og:locale\" content=\"en_US\" \/>\n<meta property=\"og:type\" content=\"article\" \/>\n<meta property=\"og:title\" content=\"Storage shelf for warehousing | Shelving | Drakkar International\" \/>\n<meta property=\"og:description\" content=\"Our industrial quality metal shelves are ideal for storing your goods and managing your business inventory.\" \/>\n<meta property=\"og:url\" content=\"https:\/\/www.chariotshopping.com\/etagere-roulante\/\" \/>\n<meta property=\"og:site_name\" content=\"Chariot Shopping\" \/>\n<meta property=\"article:publisher\" content=\"https:\/\/www.facebook.com\/DrakkarInternational\/\" \/>\n<meta property=\"article:modified_time\" content=\"2026-04-14T14:10:05+00:00\" \/>\n<meta name=\"twitter:card\" content=\"summary_large_image\" \/>\n<meta name=\"twitter:label1\" content=\"Est. reading time\" \/>\n\t<meta name=\"twitter:data1\" content=\"3 minutes\" \/>\n<script type=\"application\/ld+json\" class=\"yoast-schema-graph\">{\"@context\":\"https:\/\/schema.org\",\"@graph\":[{\"@type\":\"WebPage\",\"@id\":\"https:\/\/www.chariotshopping.com\/etagere-roulante\/\",\"url\":\"https:\/\/www.chariotshopping.com\/etagere-roulante\/\",\"name\":\"Storage shelf for warehousing | Shelving | Drakkar International\",\"isPartOf\":{\"@id\":\"https:\/\/www.chariotshopping.com\/#website\"},\"datePublished\":\"2019-05-13T17:27:53+00:00\",\"dateModified\":\"2026-04-14T14:10:05+00:00\",\"description\":\"Our industrial quality metal shelves are ideal for storing your goods and managing your business inventory.\",\"breadcrumb\":{\"@id\":\"https:\/\/www.chariotshopping.com\/etagere-roulante\/#breadcrumb\"},\"inLanguage\":\"en-US\",\"potentialAction\":[{\"@type\":\"ReadAction\",\"target\":[\"https:\/\/www.chariotshopping.com\/etagere-roulante\/\"]}]},{\"@type\":\"BreadcrumbList\",\"@id\":\"https:\/\/www.chariotshopping.com\/etagere-roulante\/#breadcrumb\",\"itemListElement\":[{\"@type\":\"ListItem\",\"position\":1,\"name\":\"Accueil\",\"item\":\"https:\/\/www.chariotshopping.com\/\"},{\"@type\":\"ListItem\",\"position\":2,\"name\":\"Shelving\"}]},{\"@type\":\"WebSite\",\"@id\":\"https:\/\/www.chariotshopping.com\/#website\",\"url\":\"https:\/\/www.chariotshopping.com\/\",\"name\":\"Chariot Shopping\",\"description\":\"\",\"publisher\":{\"@id\":\"https:\/\/www.chariotshopping.com\/#organization\"},\"potentialAction\":[{\"@type\":\"SearchAction\",\"target\":{\"@type\":\"EntryPoint\",\"urlTemplate\":\"https:\/\/www.chariotshopping.com\/?s={search_term_string}\"},\"query-input\":{\"@type\":\"PropertyValueSpecification\",\"valueRequired\":true,\"valueName\":\"search_term_string\"}}],\"inLanguage\":\"en-US\"},{\"@type\":\"Organization\",\"@id\":\"https:\/\/www.chariotshopping.com\/#organization\",\"name\":\"Drakkar International\",\"url\":\"https:\/\/www.chariotshopping.com\/\",\"logo\":{\"@type\":\"ImageObject\",\"inLanguage\":\"en-US\",\"@id\":\"https:\/\/www.chariotshopping.com\/#\/schema\/logo\/image\/\",\"url\":\"https:\/\/www.chariotshopping.com\/wp-content\/uploads\/2020\/05\/chariot-shopping-logo.jpg\",\"contentUrl\":\"https:\/\/www.chariotshopping.com\/wp-content\/uploads\/2020\/05\/chariot-shopping-logo.jpg\",\"width\":250,\"height\":104,\"caption\":\"Drakkar International\"},\"image\":{\"@id\":\"https:\/\/www.chariotshopping.com\/#\/schema\/logo\/image\/\"},\"sameAs\":[\"https:\/\/www.facebook.com\/DrakkarInternational\/\"]}]}<\/script>\n<!-- \/ Yoast SEO plugin. -->","yoast_head_json":{"title":"Storage shelf for warehousing | Shelving | Drakkar International","description":"Our industrial quality metal shelves are ideal for storing your goods and managing your business inventory.","robots":{"index":"index","follow":"follow","max-snippet":"max-snippet:-1","max-image-preview":"max-image-preview:large","max-video-preview":"max-video-preview:-1"},"canonical":"https:\/\/www.chariotshopping.com\/etagere-roulante\/","og_locale":"en_US","og_type":"article","og_title":"Storage shelf for warehousing | Shelving | Drakkar International","og_description":"Our industrial quality metal shelves are ideal for storing your goods and managing your business inventory.","og_url":"https:\/\/www.chariotshopping.com\/etagere-roulante\/","og_site_name":"Chariot Shopping","article_publisher":"https:\/\/www.facebook.com\/DrakkarInternational\/","article_modified_time":"2026-04-14T14:10:05+00:00","twitter_card":"summary_large_image","twitter_misc":{"Est. reading time":"3 minutes"},"schema":{"@context":"https:\/\/schema.org","@graph":[{"@type":"WebPage","@id":"https:\/\/www.chariotshopping.com\/etagere-roulante\/","url":"https:\/\/www.chariotshopping.com\/etagere-roulante\/","name":"Storage shelf for warehousing | Shelving | Drakkar International","isPartOf":{"@id":"https:\/\/www.chariotshopping.com\/#website"},"datePublished":"2019-05-13T17:27:53+00:00","dateModified":"2026-04-14T14:10:05+00:00","description":"Our industrial quality metal shelves are ideal for storing your goods and managing your business inventory.","breadcrumb":{"@id":"https:\/\/www.chariotshopping.com\/etagere-roulante\/#breadcrumb"},"inLanguage":"en-US","potentialAction":[{"@type":"ReadAction","target":["https:\/\/www.chariotshopping.com\/etagere-roulante\/"]}]},{"@type":"BreadcrumbList","@id":"https:\/\/www.chariotshopping.com\/etagere-roulante\/#breadcrumb","itemListElement":[{"@type":"ListItem","position":1,"name":"Accueil","item":"https:\/\/www.chariotshopping.com\/"},{"@type":"ListItem","position":2,"name":"Shelving"}]},{"@type":"WebSite","@id":"https:\/\/www.chariotshopping.com\/#website","url":"https:\/\/www.chariotshopping.com\/","name":"Chariot Shopping","description":"","publisher":{"@id":"https:\/\/www.chariotshopping.com\/#organization"},"potentialAction":[{"@type":"SearchAction","target":{"@type":"EntryPoint","urlTemplate":"https:\/\/www.chariotshopping.com\/?s={search_term_string}"},"query-input":{"@type":"PropertyValueSpecification","valueRequired":true,"valueName":"search_term_string"}}],"inLanguage":"en-US"},{"@type":"Organization","@id":"https:\/\/www.chariotshopping.com\/#organization","name":"Drakkar International","url":"https:\/\/www.chariotshopping.com\/","logo":{"@type":"ImageObject","inLanguage":"en-US","@id":"https:\/\/www.chariotshopping.com\/#\/schema\/logo\/image\/","url":"https:\/\/www.chariotshopping.com\/wp-content\/uploads\/2020\/05\/chariot-shopping-logo.jpg","contentUrl":"https:\/\/www.chariotshopping.com\/wp-content\/uploads\/2020\/05\/chariot-shopping-logo.jpg","width":250,"height":104,"caption":"Drakkar International"},"image":{"@id":"https:\/\/www.chariotshopping.com\/#\/schema\/logo\/image\/"},"sameAs":["https:\/\/www.facebook.com\/DrakkarInternational\/"]}]}},"_links":{"self":[{"href":"https:\/\/www.chariotshopping.com\/en\/wp-json\/wp\/v2\/pages\/7740","targetHints":{"allow":["GET"]}}],"collection":[{"href":"https:\/\/www.chariotshopping.com\/en\/wp-json\/wp\/v2\/pages"}],"about":[{"href":"https:\/\/www.chariotshopping.com\/en\/wp-json\/wp\/v2\/types\/page"}],"author":[{"embeddable":true,"href":"https:\/\/www.chariotshopping.com\/en\/wp-json\/wp\/v2\/users\/1"}],"replies":[{"embeddable":true,"href":"https:\/\/www.chariotshopping.com\/en\/wp-json\/wp\/v2\/comments?post=7740"}],"version-history":[{"count":12,"href":"https:\/\/www.chariotshopping.com\/en\/wp-json\/wp\/v2\/pages\/7740\/revisions"}],"predecessor-version":[{"id":56473,"href":"https:\/\/www.chariotshopping.com\/en\/wp-json\/wp\/v2\/pages\/7740\/revisions\/56473"}],"wp:attachment":[{"href":"https:\/\/www.chariotshopping.com\/en\/wp-json\/wp\/v2\/media?parent=7740"}],"curies":[{"name":"wp","href":"https:\/\/api.w.org\/{rel}","templated":true}]}}