{"id":7720,"date":"2019-05-13T16:49:24","date_gmt":"2019-05-13T16:49:24","guid":{"rendered":"http:\/\/bedard.conceptionsweb.ca\/shopping-trolleys-plastic\/"},"modified":"2026-04-14T10:02:38","modified_gmt":"2026-04-14T14:02:38","slug":"shopping-trolleys-plastic","status":"publish","type":"page","link":"https:\/\/www.chariotshopping.com\/en\/shopping-trolleys-plastic\/","title":{"rendered":"Plastic Shopping Cart"},"content":{"rendered":"<p>[et_pb_section fb_built=&#8221;1&#8243; _builder_version=&#8221;4.16&#8243; background_color=&#8221;#0d50a4&#8243; custom_margin=&#8221;0px|0px|0px|0px&#8221; custom_padding=&#8221;0px|0px|0px|0px&#8221; z_index_tablet=&#8221;500&#8243; global_colors_info=&#8221;{}&#8221;][et_pb_row _builder_version=&#8221;4.16&#8243; background_image=&#8221;https:\/\/www.chariotshopping.com\/wp-content\/uploads\/2019\/05\/banner-diagonal.png&#8221; module_alignment=&#8221;center&#8221; custom_padding=&#8221;40px||40px|&#8221; z_index_tablet=&#8221;500&#8243; width_unit=&#8221;off&#8221; global_colors_info=&#8221;{}&#8221;][et_pb_column type=&#8221;4_4&#8243; _builder_version=&#8221;4.16&#8243; custom_padding=&#8221;|||&#8221; global_colors_info=&#8221;{}&#8221; custom_padding__hover=&#8221;|||&#8221;][et_pb_post_title meta=&#8221;off&#8221; featured_image=&#8221;off&#8221; text_color=&#8221;light&#8221; _builder_version=&#8221;4.16&#8243; background_color_gradient_direction=&#8221;200deg&#8221; custom_margin=&#8221;||0px|&#8221; z_index_tablet=&#8221;500&#8243; global_colors_info=&#8221;{}&#8221;][\/et_pb_post_title][et_pb_text _builder_version=&#8221;4.16&#8243; z_index_tablet=&#8221;500&#8243; global_colors_info=&#8221;{}&#8221;]<nav aria-label=\"breadcrumbs\">\n            <div class=\"breadcrumb-container theme1\">\n                <ol>\n                    <li><a title=\"You are here\" href=\"#\"><span>You are here<\/span><\/a><span class=\"separator\">\u2192<\/span><\/li>\n                    <\/ol>\n            <\/div>\n        <\/nav>    <script type=\"application\/ld+json\">\n        {\n            \"@context\": \"http:\/\/schema.org\",\n            \"@type\": \"BreadcrumbList\",\n            \"itemListElement\": [\n                 {\n                            \"@type\": \"ListItem\",\n                            \"position\": 1,\n                            \"item\": {\n                                \"@id\": \"#\",\n                                \"name\": \"You are here\"\n                            }\n                        }\n                                                    ]\n        }\n    <\/script>\n   \n    <script>\n            <\/script>\n<br \/>\n[\/et_pb_text][\/et_pb_column][\/et_pb_row][\/et_pb_section][et_pb_section fb_built=&#8221;1&#8243; _builder_version=&#8221;4.16&#8243; custom_margin=&#8221;||||false|false&#8221; custom_padding=&#8221;||40px||false|false&#8221; global_colors_info=&#8221;{}&#8221;][et_pb_row _builder_version=&#8221;4.16&#8243; custom_margin=&#8221;||0px|&#8221; custom_padding=&#8221;||0px|&#8221; z_index_tablet=&#8221;500&#8243; global_colors_info=&#8221;{}&#8221;][et_pb_column type=&#8221;4_4&#8243; _builder_version=&#8221;4.16&#8243; custom_padding=&#8221;|||&#8221; global_colors_info=&#8221;{}&#8221; custom_padding__hover=&#8221;|||&#8221;][et_pb_text _builder_version=&#8221;4.19.4&#8243; text_font_size=&#8221;18px&#8221; header_font=&#8221;|600|||||||&#8221; header_line_height=&#8221;1.1em&#8221; header_2_font=&#8221;|600|||||||&#8221; header_2_font_size=&#8221;40px&#8221; header_2_line_height=&#8221;1.1em&#8221; z_index_tablet=&#8221;500&#8243; global_colors_info=&#8221;{}&#8221;]<\/p>\n<h2>Plastic Grocery Cart and Shopping Cart Trolley<\/h2>\n<p>[\/et_pb_text][et_pb_text _builder_version=&#8221;4.19.4&#8243; text_font_size=&#8221;18px&#8221; header_font=&#8221;|600|||||||&#8221; header_line_height=&#8221;1.1em&#8221; header_2_font=&#8221;|600|||||||&#8221; header_2_font_size=&#8221;40px&#8221; header_2_line_height=&#8221;1.1em&#8221; z_index_tablet=&#8221;500&#8243; global_colors_info=&#8221;{}&#8221;]<\/p>\n<h3>For a resistant, versatile, practical and light grocery cart or shopping cart trolley.<\/h3>\n<p>Lighter and more impact resistant than the <a href=\"https:\/\/www.chariotshopping.com\/en\/shopping-trolleys-metal\/\">metal grocery cart<\/a>, the plastic grocery cart is a non-standard product. From a classic plastic grocery cart to a <a href=\"https:\/\/www.chariotshopping.com\/en\/shopping-trolleys-for-kids\/\">kid shopping cart<\/a>, to a folding cart or an antibacterial handle, we have all the carts you need!<\/p>\n<p>[\/et_pb_text][\/et_pb_column][\/et_pb_row][\/et_pb_section][et_pb_section fb_built=&#8221;1&#8243; _builder_version=&#8221;4.17.6&#8243; custom_margin=&#8221;||0px||false|false&#8221; custom_padding=&#8221;40px||0px||false|false&#8221; global_colors_info=&#8221;{}&#8221;][et_pb_row module_class=&#8221;ds-vertical-align&#8221; _builder_version=&#8221;4.16&#8243; module_alignment=&#8221;center&#8221; custom_margin=&#8221;0px|||&#8221; custom_padding=&#8221;0px|||&#8221; z_index_tablet=&#8221;500&#8243; width_unit=&#8221;off&#8221; global_colors_info=&#8221;{}&#8221;][et_pb_column type=&#8221;4_4&#8243; _builder_version=&#8221;4.16&#8243; custom_padding=&#8221;|||&#8221; global_colors_info=&#8221;{}&#8221; custom_padding__hover=&#8221;|||&#8221;][et_pb_shop type=&#8221;product_category&#8221; posts_number=&#8221;1000&#8243; include_categories=&#8221;125&#8243; orderby=&#8221;menu_order&#8221; hover_overlay_color=&#8221;rgba(255,255,255,0.6)&#8221; hover_icon=&#8221;&#xe015;||divi||400&#8243; module_class=&#8221;store&#8221; _builder_version=&#8221;4.16&#8243; text_orientation=&#8221;center&#8221; z_index_tablet=&#8221;500&#8243; border_color_all=&#8221;#022c74&#8243; global_colors_info=&#8221;{}&#8221;][\/et_pb_shop][et_pb_text _builder_version=&#8221;4.19.4&#8243; text_font_size=&#8221;18px&#8221; header_4_font=&#8221;||||||||&#8221; header_4_text_align=&#8221;center&#8221; header_4_text_color=&#8221;#666666&#8243; z_index_tablet=&#8221;500&#8243; global_colors_info=&#8221;{}&#8221;]<\/p>\n<h4>Chariot Shopping offers you the largest range of\u00a0plastic grocery cart\u00a0and\u00a0shopping cart trolley\u00a0in Canada. We distribute and develop plastic grocery cart\u00a0for you that will meet your needs and those of your customers.<\/h4>\n<p>[\/et_pb_text][et_pb_text _builder_version=&#8221;4.19.4&#8243; _module_preset=&#8221;default&#8221; global_colors_info=&#8221;{}&#8221;]<\/p>\n<h4 style=\"text-align: center;\"><a href=\"\/en\/shopping-trolleys-metal\/\">\u2192 Discover our metal grocery cart and shopping cart trolley <\/a><\/h4>\n<p>[\/et_pb_text][\/et_pb_column][\/et_pb_row][\/et_pb_section][et_pb_section fb_built=&#8221;1&#8243; _builder_version=&#8221;4.16&#8243; custom_padding=&#8221;13px|||||&#8221; global_colors_info=&#8221;{}&#8221;][et_pb_row module_class=&#8221;ds-vertical-align&#8221; _builder_version=&#8221;4.16&#8243; module_alignment=&#8221;center&#8221; custom_margin=&#8221;0px|||&#8221; custom_padding=&#8221;0px|||&#8221; z_index_tablet=&#8221;500&#8243; width_unit=&#8221;off&#8221; global_colors_info=&#8221;{}&#8221;][et_pb_column type=&#8221;4_4&#8243; _builder_version=&#8221;4.16&#8243; custom_padding=&#8221;|||&#8221; global_colors_info=&#8221;{}&#8221; custom_padding__hover=&#8221;|||&#8221;][et_pb_button button_url=&#8221;#&#8221; button_text=&#8221;Download our catalog&#8221; button_alignment=&#8221;center&#8221; module_class=&#8221;popmake-54086&#8243; _builder_version=&#8221;4.27.6&#8243; custom_button=&#8221;on&#8221; button_text_size=&#8221;16px&#8221; button_text_color=&#8221;#ffffff&#8221; button_bg_color=&#8221;#0D50A4&#8243; button_border_width=&#8221;0px&#8221; custom_margin=&#8221;-7px|||||&#8221; hover_enabled=&#8221;0&#8243; box_shadow_style=&#8221;preset1&#8243; global_colors_info=&#8221;{}&#8221; sticky_enabled=&#8221;0&#8243;][\/et_pb_button][\/et_pb_column][\/et_pb_row][\/et_pb_section]<\/p>\n","protected":false},"excerpt":{"rendered":"<p><nav aria-label=\"breadcrumbs\">\n            <div class=\"breadcrumb-container theme1\">\n                <ol>\n                    <li><a title=\"You are here\" href=\"#\"><span>You are here<\/span><\/a><span class=\"separator\">\u2192<\/span><\/li>\n                    <\/ol>\n            <\/div>\n        <\/nav>    <script type=\"application\/ld+json\">\n        {\n            \"@context\": \"http:\/\/schema.org\",\n            \"@type\": \"BreadcrumbList\",\n            \"itemListElement\": [\n                 {\n                            \"@type\": \"ListItem\",\n                            \"position\": 1,\n                            \"item\": {\n                                \"@id\": \"#\",\n                                \"name\": \"You are here\"\n                            }\n                        }\n                                                    ]\n        }\n    <\/script>\n   \n    <script>\n            <\/script>\n Plastic Grocery Cart and Shopping Cart TrolleyFor a resistant, versatile, practical and light grocery cart or shopping cart trolley. Lighter and more impact resistant than the metal grocery cart, the plastic grocery cart is a non-standard product. From a classic plastic grocery cart to a kid shopping cart, to a folding cart or an [&hellip;]<\/p>\n","protected":false},"author":1,"featured_media":0,"parent":0,"menu_order":0,"comment_status":"open","ping_status":"closed","template":"","meta":{"_acf_changed":false,"_et_pb_use_builder":"on","_et_pb_old_content":"<div style=\"padding-bottom: 25px\">\r\n<h1>Chariots \u00e9picerie et panier magasinage en plastique<\/h1>\r\n<h4><span style=\"color: #333333\">Plus l\u00e9ger, plus r\u00e9sistant \u00e0 l\u2019impact sur le panier que le chariot de magasinage en m\u00e9tal, le chariot de plastique se pla\u00eet \u00e0 \u00eatre non standard.<\/span><\/h4>\r\n<\/div>\r\n<div style=\"padding-bottom: 25px\">\r\n\r\n[one_fourth]\r\n[lightbox_image size=\"full-fourth-portrait\" image_path=\"https:\/\/www.chariotshopping.com\/wp-content\/uploads\/DK-P10-Chariots-shopping-Chariots-de-magasinage.jpg\" alt=\"DK-P10 | Chariot d'\u00e9picerie\" lightbox_content=\"https:\/\/www.chariotshopping.com\/wp-content\/uploads\/DK-P10-Chariots-shopping-Chariots-de-magasinage.jpg\" group=\"\" description=\"\"]\r\n<h4>DK-P10<\/h4>\r\n<h6>Chariot de magasinage hybride<\/h6>\r\n<strong>Dimension - Lo x La x H :<\/strong>\r\n910 x 490 x 985 mm\r\n(35 3\/4 x 19 1\/4 x 38 3\/4 po.)\r\n<strong>Capacit\u00e9 :<\/strong> 145 litres\r\n<strong>Roues :<\/strong> 102 mm (4 po.)\r\n<strong>Couleur :<\/strong> Rouge\r\n[\/one_fourth]\r\n\r\n[one_fourth]\r\n[lightbox_image size=\"full-fourth-portrait\" image_path=\"https:\/\/www.chariotshopping.com\/wp-content\/uploads\/DK-P12-2.jpg\" alt=\"DK-P12 | Chariot d'\u00e9picerie\" lightbox_content=\"https:\/\/www.chariotshopping.com\/wp-content\/uploads\/DK-P12-2.jpg\" group=\"\" description=\"\"]\r\n<h4>DK-P12<\/h4>\r\n<h6>Chariot de magasinage<\/h6>\r\n<strong>Dimension - Lo x La x H :<\/strong>\r\n990 x 550 x 1030 mm\r\n(39 x 22 x 40 po.)\r\n<strong>Capacit\u00e9 :<\/strong> 195 litres\r\n<strong>Roues :<\/strong> 127 mm (5 po.)\r\n<strong>Couleur :<\/strong> Rouge\r\n[\/one_fourth]\r\n\r\n[one_fourth]\r\n[lightbox_image size=\"full-fourth-portrait\" image_path=\"https:\/\/www.chariotshopping.com\/wp-content\/uploads\/DK-P200-thumbs.jpg\" alt=\"DK-P200 | Chariot d'\u00e9picerie\" lightbox_content=\"https:\/\/www.chariotshopping.com\/wp-content\/uploads\/DK-P200.jpg\" group=\"\" description=\"\"]\r\n<h4>DK-P14<\/h4>\r\n<h6>Chariot de magasinage<\/h6>\r\n<strong>Dimension - Lo x La x H :<\/strong>\r\n1100 x 595 x 1065 mm\r\n(43 1\/2 x 23 1\/2 x 42 po.)\r\n<strong>Capacit\u00e9 :<\/strong> 250 litres\r\n<strong>Roues :<\/strong> 127 mm (5 po.)\r\n<strong>Couleur :<\/strong> Rouge\r\n[\/one_fourth]\r\n\r\n[one_fourth]\r\n[lightbox_image size=\"full-fourth-portrait\" image_path=\"https:\/\/www.chariotshopping.com\/wp-content\/uploads\/Caddie-chariot-plastique-160-L_thumb.jpg\" alt=\"Caddie chariot plastique | Chariot d'\u00e9picerie\" lightbox_content=\"https:\/\/www.chariotshopping.com\/wp-content\/uploads\/plastique\/Caddie-chariot-plastique-160-L.jpg\" group=\"\" description=\"\"]\r\n<h4>DK-MOTION16<\/h4>\r\n<h6>Chariot de magasinage<\/h6>\r\n<strong>Dimension - Lo x La x H :<\/strong>\r\n1014 x 600 x 1040 mm\r\n(41 x 24 x 41 po.)\r\n<strong>Capacit\u00e9 :<\/strong> 160 litres\r\n<strong>Roues :<\/strong> 127 mm (5 po.)\r\n<strong>Couleur :<\/strong> Rouge\r\n[\/one_fourth]\r\n\r\n\r\n<div class=\"seeAll\"><a class=\"seeAllL\" href=\"https:\/\/www.chariotshopping.com\/produits\/tous-les-produits\/\">Voir tous les produits >> <\/a><\/div>\r\n\r\n\r\n[divider style=\"hr-solid\"]\r\n<div style=\"text-align: center\">[button url=\"https:\/\/www.chariotshopping.com\/wp-content\/uploads\/Drakkar-Catalogue-2018-5.pdf\" class=\"button\" size=\"small\" color=\"cool-blue\" target=\"_blank\" lightbox_content=\"\" lightbox_description=\"\"] T\u00e9l\u00e9chargez notre catalogue complet [\/button]<\/div>\r\n[divider style=\"hr-solid\"]\r\n\r\n<\/div>","_et_gb_content_width":"","footnotes":""},"class_list":["post-7720","page","type-page","status-publish","hentry"],"acf":[],"yoast_head":"<!-- This site is optimized with the Yoast SEO plugin v27.1.1 - https:\/\/yoast.com\/product\/yoast-seo-wordpress\/ -->\n<title>Plastic Grocery Cart, Shopping Cart and Shopping Trolley for Sale<\/title>\n<meta name=\"description\" content=\"Equip your business with plastic grocery cart and sturdy and light plastic shopping cart trolley or buy your personal foldable cart.\" \/>\n<meta name=\"robots\" content=\"index, follow, max-snippet:-1, max-image-preview:large, max-video-preview:-1\" \/>\n<link rel=\"canonical\" href=\"https:\/\/www.chariotshopping.com\/chariot-epicerie-plastique\/\" \/>\n<meta property=\"og:locale\" content=\"en_US\" \/>\n<meta property=\"og:type\" content=\"article\" \/>\n<meta property=\"og:title\" content=\"Plastic Grocery Cart, Shopping Cart and Shopping Trolley for Sale\" \/>\n<meta property=\"og:description\" content=\"Equip your business with plastic grocery cart and sturdy and light plastic shopping cart trolley or buy your personal foldable cart.\" \/>\n<meta property=\"og:url\" content=\"https:\/\/www.chariotshopping.com\/chariot-epicerie-plastique\/\" \/>\n<meta property=\"og:site_name\" content=\"Chariot Shopping\" \/>\n<meta property=\"article:publisher\" content=\"https:\/\/www.facebook.com\/DrakkarInternational\/\" \/>\n<meta property=\"article:modified_time\" content=\"2026-04-14T14:02:38+00:00\" \/>\n<meta name=\"twitter:card\" content=\"summary_large_image\" \/>\n<meta name=\"twitter:label1\" content=\"Est. reading time\" \/>\n\t<meta name=\"twitter:data1\" content=\"2 minutes\" \/>\n<script type=\"application\/ld+json\" class=\"yoast-schema-graph\">{\"@context\":\"https:\/\/schema.org\",\"@graph\":[{\"@type\":\"WebPage\",\"@id\":\"https:\/\/www.chariotshopping.com\/chariot-epicerie-plastique\/\",\"url\":\"https:\/\/www.chariotshopping.com\/chariot-epicerie-plastique\/\",\"name\":\"Plastic Grocery Cart, Shopping Cart and Shopping Trolley for Sale\",\"isPartOf\":{\"@id\":\"https:\/\/www.chariotshopping.com\/#website\"},\"datePublished\":\"2019-05-13T16:49:24+00:00\",\"dateModified\":\"2026-04-14T14:02:38+00:00\",\"description\":\"Equip your business with plastic grocery cart and sturdy and light plastic shopping cart trolley or buy your personal foldable cart.\",\"breadcrumb\":{\"@id\":\"https:\/\/www.chariotshopping.com\/chariot-epicerie-plastique\/#breadcrumb\"},\"inLanguage\":\"en-US\",\"potentialAction\":[{\"@type\":\"ReadAction\",\"target\":[\"https:\/\/www.chariotshopping.com\/chariot-epicerie-plastique\/\"]}]},{\"@type\":\"BreadcrumbList\",\"@id\":\"https:\/\/www.chariotshopping.com\/chariot-epicerie-plastique\/#breadcrumb\",\"itemListElement\":[{\"@type\":\"ListItem\",\"position\":1,\"name\":\"Accueil\",\"item\":\"https:\/\/www.chariotshopping.com\/\"},{\"@type\":\"ListItem\",\"position\":2,\"name\":\"Plastic Shopping Cart\"}]},{\"@type\":\"WebSite\",\"@id\":\"https:\/\/www.chariotshopping.com\/#website\",\"url\":\"https:\/\/www.chariotshopping.com\/\",\"name\":\"Chariot Shopping\",\"description\":\"\",\"publisher\":{\"@id\":\"https:\/\/www.chariotshopping.com\/#organization\"},\"potentialAction\":[{\"@type\":\"SearchAction\",\"target\":{\"@type\":\"EntryPoint\",\"urlTemplate\":\"https:\/\/www.chariotshopping.com\/?s={search_term_string}\"},\"query-input\":{\"@type\":\"PropertyValueSpecification\",\"valueRequired\":true,\"valueName\":\"search_term_string\"}}],\"inLanguage\":\"en-US\"},{\"@type\":\"Organization\",\"@id\":\"https:\/\/www.chariotshopping.com\/#organization\",\"name\":\"Drakkar International\",\"url\":\"https:\/\/www.chariotshopping.com\/\",\"logo\":{\"@type\":\"ImageObject\",\"inLanguage\":\"en-US\",\"@id\":\"https:\/\/www.chariotshopping.com\/#\/schema\/logo\/image\/\",\"url\":\"https:\/\/www.chariotshopping.com\/wp-content\/uploads\/2020\/05\/chariot-shopping-logo.jpg\",\"contentUrl\":\"https:\/\/www.chariotshopping.com\/wp-content\/uploads\/2020\/05\/chariot-shopping-logo.jpg\",\"width\":250,\"height\":104,\"caption\":\"Drakkar International\"},\"image\":{\"@id\":\"https:\/\/www.chariotshopping.com\/#\/schema\/logo\/image\/\"},\"sameAs\":[\"https:\/\/www.facebook.com\/DrakkarInternational\/\"]}]}<\/script>\n<!-- \/ Yoast SEO plugin. -->","yoast_head_json":{"title":"Plastic Grocery Cart, Shopping Cart and Shopping Trolley for Sale","description":"Equip your business with plastic grocery cart and sturdy and light plastic shopping cart trolley or buy your personal foldable cart.","robots":{"index":"index","follow":"follow","max-snippet":"max-snippet:-1","max-image-preview":"max-image-preview:large","max-video-preview":"max-video-preview:-1"},"canonical":"https:\/\/www.chariotshopping.com\/chariot-epicerie-plastique\/","og_locale":"en_US","og_type":"article","og_title":"Plastic Grocery Cart, Shopping Cart and Shopping Trolley for Sale","og_description":"Equip your business with plastic grocery cart and sturdy and light plastic shopping cart trolley or buy your personal foldable cart.","og_url":"https:\/\/www.chariotshopping.com\/chariot-epicerie-plastique\/","og_site_name":"Chariot Shopping","article_publisher":"https:\/\/www.facebook.com\/DrakkarInternational\/","article_modified_time":"2026-04-14T14:02:38+00:00","twitter_card":"summary_large_image","twitter_misc":{"Est. reading time":"2 minutes"},"schema":{"@context":"https:\/\/schema.org","@graph":[{"@type":"WebPage","@id":"https:\/\/www.chariotshopping.com\/chariot-epicerie-plastique\/","url":"https:\/\/www.chariotshopping.com\/chariot-epicerie-plastique\/","name":"Plastic Grocery Cart, Shopping Cart and Shopping Trolley for Sale","isPartOf":{"@id":"https:\/\/www.chariotshopping.com\/#website"},"datePublished":"2019-05-13T16:49:24+00:00","dateModified":"2026-04-14T14:02:38+00:00","description":"Equip your business with plastic grocery cart and sturdy and light plastic shopping cart trolley or buy your personal foldable cart.","breadcrumb":{"@id":"https:\/\/www.chariotshopping.com\/chariot-epicerie-plastique\/#breadcrumb"},"inLanguage":"en-US","potentialAction":[{"@type":"ReadAction","target":["https:\/\/www.chariotshopping.com\/chariot-epicerie-plastique\/"]}]},{"@type":"BreadcrumbList","@id":"https:\/\/www.chariotshopping.com\/chariot-epicerie-plastique\/#breadcrumb","itemListElement":[{"@type":"ListItem","position":1,"name":"Accueil","item":"https:\/\/www.chariotshopping.com\/"},{"@type":"ListItem","position":2,"name":"Plastic Shopping Cart"}]},{"@type":"WebSite","@id":"https:\/\/www.chariotshopping.com\/#website","url":"https:\/\/www.chariotshopping.com\/","name":"Chariot Shopping","description":"","publisher":{"@id":"https:\/\/www.chariotshopping.com\/#organization"},"potentialAction":[{"@type":"SearchAction","target":{"@type":"EntryPoint","urlTemplate":"https:\/\/www.chariotshopping.com\/?s={search_term_string}"},"query-input":{"@type":"PropertyValueSpecification","valueRequired":true,"valueName":"search_term_string"}}],"inLanguage":"en-US"},{"@type":"Organization","@id":"https:\/\/www.chariotshopping.com\/#organization","name":"Drakkar International","url":"https:\/\/www.chariotshopping.com\/","logo":{"@type":"ImageObject","inLanguage":"en-US","@id":"https:\/\/www.chariotshopping.com\/#\/schema\/logo\/image\/","url":"https:\/\/www.chariotshopping.com\/wp-content\/uploads\/2020\/05\/chariot-shopping-logo.jpg","contentUrl":"https:\/\/www.chariotshopping.com\/wp-content\/uploads\/2020\/05\/chariot-shopping-logo.jpg","width":250,"height":104,"caption":"Drakkar International"},"image":{"@id":"https:\/\/www.chariotshopping.com\/#\/schema\/logo\/image\/"},"sameAs":["https:\/\/www.facebook.com\/DrakkarInternational\/"]}]}},"_links":{"self":[{"href":"https:\/\/www.chariotshopping.com\/en\/wp-json\/wp\/v2\/pages\/7720","targetHints":{"allow":["GET"]}}],"collection":[{"href":"https:\/\/www.chariotshopping.com\/en\/wp-json\/wp\/v2\/pages"}],"about":[{"href":"https:\/\/www.chariotshopping.com\/en\/wp-json\/wp\/v2\/types\/page"}],"author":[{"embeddable":true,"href":"https:\/\/www.chariotshopping.com\/en\/wp-json\/wp\/v2\/users\/1"}],"replies":[{"embeddable":true,"href":"https:\/\/www.chariotshopping.com\/en\/wp-json\/wp\/v2\/comments?post=7720"}],"version-history":[{"count":20,"href":"https:\/\/www.chariotshopping.com\/en\/wp-json\/wp\/v2\/pages\/7720\/revisions"}],"predecessor-version":[{"id":56466,"href":"https:\/\/www.chariotshopping.com\/en\/wp-json\/wp\/v2\/pages\/7720\/revisions\/56466"}],"wp:attachment":[{"href":"https:\/\/www.chariotshopping.com\/en\/wp-json\/wp\/v2\/media?parent=7720"}],"curies":[{"name":"wp","href":"https:\/\/api.w.org\/{rel}","templated":true}]}}