{"id":7712,"date":"2019-05-13T16:41:40","date_gmt":"2019-05-13T16:41:40","guid":{"rendered":"http:\/\/bedard.conceptionsweb.ca\/services\/"},"modified":"2021-03-11T16:12:32","modified_gmt":"2021-03-11T16:12:32","slug":"shopping-cart-maintenance","status":"publish","type":"page","link":"https:\/\/www.chariotshopping.com\/en\/shopping-cart-maintenance\/","title":{"rendered":"Services"},"content":{"rendered":"<p>[et_pb_section fb_built=&#8221;1&#8243; _builder_version=&#8221;3.22&#8243; background_color=&#8221;#0d50a4&#8243; custom_margin=&#8221;0px|0px|0px|0px&#8221; custom_padding=&#8221;0px|0px|0px|0px&#8221; z_index_tablet=&#8221;500&#8243;][et_pb_row _builder_version=&#8221;3.25&#8243; background_image=&#8221;https:\/\/www.chariotshopping.com\/wp-content\/uploads\/2019\/05\/banner-diagonal.png&#8221; module_alignment=&#8221;center&#8221; custom_padding=&#8221;40px||40px|&#8221; z_index_tablet=&#8221;500&#8243; width_unit=&#8221;off&#8221;][et_pb_column type=&#8221;4_4&#8243; _builder_version=&#8221;3.25&#8243; custom_padding=&#8221;|||&#8221; custom_padding__hover=&#8221;|||&#8221;][et_pb_post_title meta=&#8221;off&#8221; featured_image=&#8221;off&#8221; text_color=&#8221;light&#8221; _builder_version=&#8221;3.21.2&#8243; background_color_gradient_direction=&#8221;200deg&#8221; custom_margin=&#8221;||0px|&#8221; z_index_tablet=&#8221;500&#8243;][\/et_pb_post_title][et_pb_text _builder_version=&#8221;3.27.4&#8243; z_index_tablet=&#8221;500&#8243;]<nav aria-label=\"breadcrumbs\">\n            <div class=\"breadcrumb-container theme1\">\n                <ol>\n                    <li><a title=\"You are here\" href=\"#\"><span>You are here<\/span><\/a><span class=\"separator\">\u2192<\/span><\/li>\n                    <\/ol>\n            <\/div>\n        <\/nav>    <script type=\"application\/ld+json\">\n        {\n            \"@context\": \"http:\/\/schema.org\",\n            \"@type\": \"BreadcrumbList\",\n            \"itemListElement\": [\n                 {\n                            \"@type\": \"ListItem\",\n                            \"position\": 1,\n                            \"item\": {\n                                \"@id\": \"#\",\n                                \"name\": \"You are here\"\n                            }\n                        }\n                                                    ]\n        }\n    <\/script>\n   \n    <script>\n            <\/script>\n<br \/>\n[\/et_pb_text][\/et_pb_column][\/et_pb_row][\/et_pb_section][et_pb_section fb_built=&#8221;1&#8243; _builder_version=&#8221;3.22&#8243; z_index_tablet=&#8221;500&#8243;][et_pb_row _builder_version=&#8221;4.6.5&#8243; z_index_tablet=&#8221;500&#8243;][et_pb_column type=&#8221;4_4&#8243; _builder_version=&#8221;3.25&#8243; custom_padding=&#8221;|||&#8221; custom_padding__hover=&#8221;|||&#8221;][et_pb_text _builder_version=&#8221;4.9.1&#8243; hover_enabled=&#8221;0&#8243; z_index_tablet=&#8221;500&#8243; sticky_enabled=&#8221;0&#8243;]<\/p>\n<h2>Personalization and maintenance of grocery cart: painting, cleaning and refurbishing.<\/h2>\n<h3>An efficient and tailor-made brand image for your shopping trolleys!<\/h3>\n<p style=\"font-size: 18px;\">In order to allow retailers to differentiate themselves, we offer the ability to customize, update, clean your carts, or use it for a short period of time.<\/p>\n<p>[\/et_pb_text][\/et_pb_column][\/et_pb_row][et_pb_row _builder_version=&#8221;4.6.5&#8243; z_index_tablet=&#8221;500&#8243; column_structure=&#8221;3_5,2_5&#8243;][et_pb_column type=&#8221;3_5&#8243; _builder_version=&#8221;3.25&#8243; custom_padding=&#8221;|||&#8221; custom_padding__hover=&#8221;|||&#8221;][et_pb_text _builder_version=&#8221;4.9.1&#8243; hover_enabled=&#8221;0&#8243; z_index_tablet=&#8221;500&#8243; sticky_enabled=&#8221;0&#8243;]<\/p>\n<h3>Powder painting \u2013 choice of colours<\/h3>\n<p>Personalize your shopping carts or handling equipment by painting them the desired color (powder painting).<br \/>\n<strong>Choice of 8 standard colours: black, dark brown, red, blue, yellow, forest green, dark gray and light gray. <\/strong><\/p>\n<p><\/p>\n<h2>Refurbishing<\/h2>\n<p>Refurbishing your shopping trolleys entails installing new wheels, new powder painting, new plastic accessories (blue, red, green, black, yellow or burgundy) and putting a new corporate signature on the handle.<\/p>\n<p>[\/et_pb_text][\/et_pb_column][et_pb_column type=&#8221;2_5&#8243; _builder_version=&#8221;3.25&#8243; custom_padding=&#8221;|||&#8221; custom_padding__hover=&#8221;|||&#8221;][et_pb_image src=&#8221;https:\/\/www.chariotshopping.com\/wp-content\/uploads\/2021\/03\/DK18-Orange.jpg&#8221; _builder_version=&#8221;4.9.1&#8243; _module_preset=&#8221;default&#8221; alt=&#8221;DK18 Orange | Chariot de magasinage | Chariot Shopping&#8221; title_text=&#8221;DK18 Orange &#8211; Chariot de magasinage&#8221; hover_enabled=&#8221;0&#8243; sticky_enabled=&#8221;0&#8243;][\/et_pb_image][\/et_pb_column][\/et_pb_row][et_pb_row _builder_version=&#8221;4.6.5&#8243; z_index_tablet=&#8221;500&#8243;][et_pb_column type=&#8221;4_4&#8243; _builder_version=&#8221;3.25&#8243; custom_padding=&#8221;|||&#8221; custom_padding__hover=&#8221;|||&#8221;][et_pb_text _builder_version=&#8221;4.9.1&#8243; hover_enabled=&#8221;0&#8243; z_index_tablet=&#8221;500&#8243; sticky_enabled=&#8221;0&#8243;]<\/p>\n<h2>Cleaning<\/h2>\n<p>Cleaning your shopping carts or handling equipment is done on site at your location, with high pressure equipment and environmentally friendly detergents.<\/p>\n<h2>Renting<\/h2>\n<p>We rent shopping carts to facilitate moving your guests around at special events such as exhibitions, sales weekends or, as extras in movies.<\/p>\n<h4><a href=\"\/en\/contact\/\">Contact the specialists for customizing and maintaining your carts!<\/a><\/h4>\n<p>[\/et_pb_text][\/et_pb_column][\/et_pb_row][\/et_pb_section]<\/p>\n","protected":false},"excerpt":{"rendered":"<p><nav aria-label=\"breadcrumbs\">\n            <div class=\"breadcrumb-container theme1\">\n                <ol>\n                    <li><a title=\"You are here\" href=\"#\"><span>You are here<\/span><\/a><span class=\"separator\">\u2192<\/span><\/li>\n                    <\/ol>\n            <\/div>\n        <\/nav>    <script type=\"application\/ld+json\">\n        {\n            \"@context\": \"http:\/\/schema.org\",\n            \"@type\": \"BreadcrumbList\",\n            \"itemListElement\": [\n                 {\n                            \"@type\": \"ListItem\",\n                            \"position\": 1,\n                            \"item\": {\n                                \"@id\": \"#\",\n                                \"name\": \"You are here\"\n                            }\n                        }\n                                                    ]\n        }\n    <\/script>\n   \n    <script>\n            <\/script>\n Personalization and maintenance of grocery cart: painting, cleaning and refurbishing. An efficient and tailor-made brand image for your shopping trolleys! In order to allow retailers to differentiate themselves, we offer the ability to customize, update, clean your carts, or use it for a short period of time. Powder painting \u2013 choice of colours Personalize [&hellip;]<\/p>\n","protected":false},"author":1,"featured_media":0,"parent":0,"menu_order":0,"comment_status":"open","ping_status":"closed","template":"","meta":{"_acf_changed":false,"_et_pb_use_builder":"on","_et_pb_old_content":"<h1>Personnalisation et entretien de chariots \u00e9picerie : peinture, nettoyage et remise \u00e0 neuf<\/h1>\r\n<h4>Dans le but de permettre aux d\u00e9taillants de se d\u00e9marquer, nous offrons la possibilit\u00e9 de personnaliser votre mat\u00e9riel roulant, le rendre plus \u00e0 jour, le nettoyer ou l\u2019utiliser pour une courte p\u00e9riode.<\/h4>\r\n\r\n\r\n<h2>Peinture en poudre \u2013 choix de couleurs<\/h2>\r\nPersonnalisez vos chariots de magasinage ou de manutention en les peinturant \u00e0 la couleur d\u00e9sir\u00e9e (en poudre et cuite). Choix de 8 couleurs standards : noir, brun, rouge, bleu, jaune, vert for\u00eat, gris fonc\u00e9, gris p\u00e2le.\r\n<h2>Remise \u00e0 neuf<\/h2>\r\nLa remise \u00e0 neuf de vos chariots consiste \u00e0 l\u2019installation de nouvelles roues, une nouvelle peinture (en poudre et cuite), de nouveaux accessoires de plastique (bleu, rouge, vert, noir, jaune ou bourgogne) et une nouvelle inscription corporative sur la poign\u00e9e.\r\n<h2>Nettoyage<\/h2>\r\nLe nettoyage de vos chariots, sur place, \u00e0 votre emplacement, avec de l\u2019\u00e9quipement \u00e0 haute pression et d\u00e9tergents qui respectent l\u2019environnement. Nous avons des partenaires partout dans la province de Qu\u00e9bec.\r\n<h2>Location<\/h2>\r\nNous louons des chariots de magasinage pour faciliter le d\u00e9placement de vos invit\u00e9s lors d\u2019\u00e9v\u00e9nements sp\u00e9ciaux tels que des expositions, des ventes de fin de semaine ou pour de la figuration dans des films.\r\n<h4>Renseignez-vous !<\/h4>","_et_gb_content_width":"","footnotes":""},"class_list":["post-7712","page","type-page","status-publish","hentry"],"acf":[],"yoast_head":"<!-- This site is optimized with the Yoast SEO plugin v27.5 - https:\/\/yoast.com\/product\/yoast-seo-wordpress\/ -->\n<title>Maintenance and customization services for your carts<\/title>\n<meta name=\"description\" content=\"Customize and maintain your grocery carts with Drakkar International! Rental, cleaning, refurbishment, painting and corporate registration.\" \/>\n<meta name=\"robots\" content=\"index, follow, max-snippet:-1, max-image-preview:large, max-video-preview:-1\" \/>\n<link rel=\"canonical\" href=\"https:\/\/www.chariotshopping.com\/en\/shopping-cart-maintenance\/\" \/>\n<meta property=\"og:locale\" content=\"en_US\" \/>\n<meta property=\"og:type\" content=\"article\" \/>\n<meta property=\"og:title\" content=\"Maintenance and customization services for your carts\" \/>\n<meta property=\"og:description\" content=\"Customize and maintain your grocery carts with Drakkar International! Rental, cleaning, refurbishment, painting and corporate registration.\" \/>\n<meta property=\"og:url\" content=\"https:\/\/www.chariotshopping.com\/en\/shopping-cart-maintenance\/\" \/>\n<meta property=\"og:site_name\" content=\"Chariot Shopping\" \/>\n<meta property=\"article:publisher\" content=\"https:\/\/www.facebook.com\/DrakkarInternational\/\" \/>\n<meta property=\"article:modified_time\" content=\"2021-03-11T16:12:32+00:00\" \/>\n<meta name=\"twitter:card\" content=\"summary_large_image\" \/>\n<meta name=\"twitter:label1\" content=\"Est. reading time\" \/>\n\t<meta name=\"twitter:data1\" content=\"2 minutes\" \/>\n<script type=\"application\/ld+json\" class=\"yoast-schema-graph\">{\"@context\":\"https:\\\/\\\/schema.org\",\"@graph\":[{\"@type\":\"WebPage\",\"@id\":\"https:\\\/\\\/www.chariotshopping.com\\\/en\\\/shopping-cart-maintenance\\\/\",\"url\":\"https:\\\/\\\/www.chariotshopping.com\\\/en\\\/shopping-cart-maintenance\\\/\",\"name\":\"Maintenance and customization services for your carts\",\"isPartOf\":{\"@id\":\"https:\\\/\\\/www.chariotshopping.com\\\/#website\"},\"datePublished\":\"2019-05-13T16:41:40+00:00\",\"dateModified\":\"2021-03-11T16:12:32+00:00\",\"description\":\"Customize and maintain your grocery carts with Drakkar International! Rental, cleaning, refurbishment, painting and corporate registration.\",\"breadcrumb\":{\"@id\":\"https:\\\/\\\/www.chariotshopping.com\\\/en\\\/shopping-cart-maintenance\\\/#breadcrumb\"},\"inLanguage\":\"en-US\",\"potentialAction\":[{\"@type\":\"ReadAction\",\"target\":[\"https:\\\/\\\/www.chariotshopping.com\\\/en\\\/shopping-cart-maintenance\\\/\"]}]},{\"@type\":\"BreadcrumbList\",\"@id\":\"https:\\\/\\\/www.chariotshopping.com\\\/en\\\/shopping-cart-maintenance\\\/#breadcrumb\",\"itemListElement\":[{\"@type\":\"ListItem\",\"position\":1,\"name\":\"Accueil\",\"item\":\"https:\\\/\\\/www.chariotshopping.com\\\/\"},{\"@type\":\"ListItem\",\"position\":2,\"name\":\"Services\"}]},{\"@type\":\"WebSite\",\"@id\":\"https:\\\/\\\/www.chariotshopping.com\\\/#website\",\"url\":\"https:\\\/\\\/www.chariotshopping.com\\\/\",\"name\":\"Chariot Shopping\",\"description\":\"\",\"publisher\":{\"@id\":\"https:\\\/\\\/www.chariotshopping.com\\\/#organization\"},\"potentialAction\":[{\"@type\":\"SearchAction\",\"target\":{\"@type\":\"EntryPoint\",\"urlTemplate\":\"https:\\\/\\\/www.chariotshopping.com\\\/?s={search_term_string}\"},\"query-input\":{\"@type\":\"PropertyValueSpecification\",\"valueRequired\":true,\"valueName\":\"search_term_string\"}}],\"inLanguage\":\"en-US\"},{\"@type\":\"Organization\",\"@id\":\"https:\\\/\\\/www.chariotshopping.com\\\/#organization\",\"name\":\"Drakkar International\",\"url\":\"https:\\\/\\\/www.chariotshopping.com\\\/\",\"logo\":{\"@type\":\"ImageObject\",\"inLanguage\":\"en-US\",\"@id\":\"https:\\\/\\\/www.chariotshopping.com\\\/#\\\/schema\\\/logo\\\/image\\\/\",\"url\":\"https:\\\/\\\/www.chariotshopping.com\\\/wp-content\\\/uploads\\\/2020\\\/05\\\/chariot-shopping-logo.jpg\",\"contentUrl\":\"https:\\\/\\\/www.chariotshopping.com\\\/wp-content\\\/uploads\\\/2020\\\/05\\\/chariot-shopping-logo.jpg\",\"width\":250,\"height\":104,\"caption\":\"Drakkar International\"},\"image\":{\"@id\":\"https:\\\/\\\/www.chariotshopping.com\\\/#\\\/schema\\\/logo\\\/image\\\/\"},\"sameAs\":[\"https:\\\/\\\/www.facebook.com\\\/DrakkarInternational\\\/\"]}]}<\/script>\n<!-- \/ Yoast SEO plugin. -->","yoast_head_json":{"title":"Maintenance and customization services for your carts","description":"Customize and maintain your grocery carts with Drakkar International! Rental, cleaning, refurbishment, painting and corporate registration.","robots":{"index":"index","follow":"follow","max-snippet":"max-snippet:-1","max-image-preview":"max-image-preview:large","max-video-preview":"max-video-preview:-1"},"canonical":"https:\/\/www.chariotshopping.com\/en\/shopping-cart-maintenance\/","og_locale":"en_US","og_type":"article","og_title":"Maintenance and customization services for your carts","og_description":"Customize and maintain your grocery carts with Drakkar International! Rental, cleaning, refurbishment, painting and corporate registration.","og_url":"https:\/\/www.chariotshopping.com\/en\/shopping-cart-maintenance\/","og_site_name":"Chariot Shopping","article_publisher":"https:\/\/www.facebook.com\/DrakkarInternational\/","article_modified_time":"2021-03-11T16:12:32+00:00","twitter_card":"summary_large_image","twitter_misc":{"Est. reading time":"2 minutes"},"schema":{"@context":"https:\/\/schema.org","@graph":[{"@type":"WebPage","@id":"https:\/\/www.chariotshopping.com\/en\/shopping-cart-maintenance\/","url":"https:\/\/www.chariotshopping.com\/en\/shopping-cart-maintenance\/","name":"Maintenance and customization services for your carts","isPartOf":{"@id":"https:\/\/www.chariotshopping.com\/#website"},"datePublished":"2019-05-13T16:41:40+00:00","dateModified":"2021-03-11T16:12:32+00:00","description":"Customize and maintain your grocery carts with Drakkar International! Rental, cleaning, refurbishment, painting and corporate registration.","breadcrumb":{"@id":"https:\/\/www.chariotshopping.com\/en\/shopping-cart-maintenance\/#breadcrumb"},"inLanguage":"en-US","potentialAction":[{"@type":"ReadAction","target":["https:\/\/www.chariotshopping.com\/en\/shopping-cart-maintenance\/"]}]},{"@type":"BreadcrumbList","@id":"https:\/\/www.chariotshopping.com\/en\/shopping-cart-maintenance\/#breadcrumb","itemListElement":[{"@type":"ListItem","position":1,"name":"Accueil","item":"https:\/\/www.chariotshopping.com\/"},{"@type":"ListItem","position":2,"name":"Services"}]},{"@type":"WebSite","@id":"https:\/\/www.chariotshopping.com\/#website","url":"https:\/\/www.chariotshopping.com\/","name":"Chariot Shopping","description":"","publisher":{"@id":"https:\/\/www.chariotshopping.com\/#organization"},"potentialAction":[{"@type":"SearchAction","target":{"@type":"EntryPoint","urlTemplate":"https:\/\/www.chariotshopping.com\/?s={search_term_string}"},"query-input":{"@type":"PropertyValueSpecification","valueRequired":true,"valueName":"search_term_string"}}],"inLanguage":"en-US"},{"@type":"Organization","@id":"https:\/\/www.chariotshopping.com\/#organization","name":"Drakkar International","url":"https:\/\/www.chariotshopping.com\/","logo":{"@type":"ImageObject","inLanguage":"en-US","@id":"https:\/\/www.chariotshopping.com\/#\/schema\/logo\/image\/","url":"https:\/\/www.chariotshopping.com\/wp-content\/uploads\/2020\/05\/chariot-shopping-logo.jpg","contentUrl":"https:\/\/www.chariotshopping.com\/wp-content\/uploads\/2020\/05\/chariot-shopping-logo.jpg","width":250,"height":104,"caption":"Drakkar International"},"image":{"@id":"https:\/\/www.chariotshopping.com\/#\/schema\/logo\/image\/"},"sameAs":["https:\/\/www.facebook.com\/DrakkarInternational\/"]}]}},"_links":{"self":[{"href":"https:\/\/www.chariotshopping.com\/en\/wp-json\/wp\/v2\/pages\/7712","targetHints":{"allow":["GET"]}}],"collection":[{"href":"https:\/\/www.chariotshopping.com\/en\/wp-json\/wp\/v2\/pages"}],"about":[{"href":"https:\/\/www.chariotshopping.com\/en\/wp-json\/wp\/v2\/types\/page"}],"author":[{"embeddable":true,"href":"https:\/\/www.chariotshopping.com\/en\/wp-json\/wp\/v2\/users\/1"}],"replies":[{"embeddable":true,"href":"https:\/\/www.chariotshopping.com\/en\/wp-json\/wp\/v2\/comments?post=7712"}],"version-history":[{"count":6,"href":"https:\/\/www.chariotshopping.com\/en\/wp-json\/wp\/v2\/pages\/7712\/revisions"}],"predecessor-version":[{"id":52483,"href":"https:\/\/www.chariotshopping.com\/en\/wp-json\/wp\/v2\/pages\/7712\/revisions\/52483"}],"wp:attachment":[{"href":"https:\/\/www.chariotshopping.com\/en\/wp-json\/wp\/v2\/media?parent=7712"}],"curies":[{"name":"wp","href":"https:\/\/api.w.org\/{rel}","templated":true}]}}