{"id":7614,"date":"2019-05-13T16:27:07","date_gmt":"2019-05-13T16:27:07","guid":{"rendered":"http:\/\/bedard.conceptionsweb.ca\/about-us\/"},"modified":"2020-11-28T18:16:49","modified_gmt":"2020-11-28T18:16:49","slug":"about-us","status":"publish","type":"page","link":"https:\/\/www.chariotshopping.com\/en\/about-us\/","title":{"rendered":"About Us"},"content":{"rendered":"<p>[et_pb_section fb_built=&#8221;1&#8243; _builder_version=&#8221;3.22&#8243; background_color=&#8221;#0d50a4&#8243; custom_margin=&#8221;0px|0px|0px|0px&#8221; custom_padding=&#8221;0px|0px|0px|0px&#8221; z_index_tablet=&#8221;500&#8243;][et_pb_row _builder_version=&#8221;3.25&#8243; background_image=&#8221;https:\/\/www.chariotshopping.com\/wp-content\/uploads\/2019\/05\/banner-diagonal.png&#8221; module_alignment=&#8221;center&#8221; custom_padding=&#8221;40px||40px|&#8221; z_index_tablet=&#8221;500&#8243; width_unit=&#8221;off&#8221;][et_pb_column type=&#8221;4_4&#8243; _builder_version=&#8221;3.25&#8243; custom_padding=&#8221;|||&#8221; custom_padding__hover=&#8221;|||&#8221;][et_pb_post_title meta=&#8221;off&#8221; featured_image=&#8221;off&#8221; text_color=&#8221;light&#8221; _builder_version=&#8221;3.21.2&#8243; background_color_gradient_direction=&#8221;200deg&#8221; custom_margin=&#8221;||0px|&#8221; z_index_tablet=&#8221;500&#8243;][\/et_pb_post_title][et_pb_text _builder_version=&#8221;3.27.4&#8243; z_index_tablet=&#8221;500&#8243;]<nav aria-label=\"breadcrumbs\">\n            <div class=\"breadcrumb-container theme1\">\n                <ol>\n                    <li><a title=\"You are here\" href=\"#\"><span>You are here<\/span><\/a><span class=\"separator\">\u2192<\/span><\/li>\n                    <\/ol>\n            <\/div>\n        <\/nav>    <script type=\"application\/ld+json\">\n        {\n            \"@context\": \"http:\/\/schema.org\",\n            \"@type\": \"BreadcrumbList\",\n            \"itemListElement\": [\n                 {\n                            \"@type\": \"ListItem\",\n                            \"position\": 1,\n                            \"item\": {\n                                \"@id\": \"#\",\n                                \"name\": \"You are here\"\n                            }\n                        }\n                                                    ]\n        }\n    <\/script>\n   \n    <script>\n            <\/script>\n<br \/>\n[\/et_pb_text][\/et_pb_column][\/et_pb_row][\/et_pb_section][et_pb_section fb_built=&#8221;1&#8243; _builder_version=&#8221;3.22&#8243; z_index_tablet=&#8221;500&#8243;][et_pb_row _builder_version=&#8221;4.6.5&#8243; module_alignment=&#8221;center&#8221; z_index_tablet=&#8221;500&#8243; border_color_right=&#8221;#cccccc&#8221;][et_pb_column type=&#8221;4_4&#8243; module_class=&#8221;ds-vertical-align&#8221; _builder_version=&#8221;3.25&#8243; custom_padding=&#8221;|||&#8221; custom_padding__hover=&#8221;|||&#8221;][et_pb_text _builder_version=&#8221;4.7.4&#8243; link_font=&#8221;||||on||||&#8221; link_text_color=&#8221;#022c74&#8243; z_index_tablet=&#8221;500&#8243;]<\/p>\n<h2>Drakkar International specializes in storage system and material handling equipment.<\/h2>\n<h3>We also offer a wide range of shopping cart and shopping trolley for all your needs.<\/h3>\n<div class=\"img-frame small-banner\"><img loading=\"lazy\" decoding=\"async\" class=\"alignnone size-full wp-image-7301\" src=\"https:\/\/www.chariotshopping.com\/wp-content\/uploads\/2019\/05\/batisse-650x169-1.jpg\" alt=\"\" width=\"650\" height=\"169\" srcset=\"https:\/\/www.chariotshopping.com\/wp-content\/uploads\/2019\/05\/batisse-650x169-1.jpg 650w, https:\/\/www.chariotshopping.com\/wp-content\/uploads\/2019\/05\/batisse-650x169-1-480x125.jpg 480w\" sizes=\"(min-width: 0px) and (max-width: 480px) 480px, (min-width: 481px) 650px, 100vw\" \/><\/div>\n<p>Drakkar International has only one purpose: to create wealth for its customers.<\/p>\n<p>We offer quality shopping carts and shopping baskets, transportation and handling carts, at a good price with outstanding service. We are committed to excellence and to your ultimate satisfaction. Our team, our products and the continuous improvement of our processes is the basis of this commitment.<\/p>\n<h4>About Us<\/h4>\n<p>Founded in 1998, our mission is to help manufacturing companies export their products and services. Drakkar International has developed several markets in the United States, Mexico and China.<\/p>\n<p>In 2003, manufacturers began asking us to import goods for them to reduce their production costs and thus make their supplies more strategic. Drakkar International has established an international team to better identify and qualify suppliers in different countries and thus ensure the quality of manufactured products.<\/p>\n<p>In 2006, retailers were becoming concerned about reducing their purchasing costs for handling equipment and more particularly for shopping trolleys and hand baskets. So, after many years with the same group of equipment manufacturers, we can now offer you the possibility of connecting you with our company suppliers at the right price.<\/p>\n<h2>Our Team<\/h2>\n<p>Our team of strategic partners, works together to ensure that the grocery carts, shopping trolleys and hand baskets we offer are of high quality, delivered on time and perform consistently in our clients\u2019 unique environments.<\/p>\n<p>From our president, who holds an MBA from HEC Montreal, to our strategic partners who repair, clean and maintain the various components of shopping carts, we all have a common commitment to the complete satisfaction of our customers.<\/p>\n<h2>Our Products<\/h2>\n<p>Drakkar International offers a wide selection of <a href=\"\/en\/shopping-trolleys-metal\/\">shopping cart and grocery carts<\/a> used in <a href=\"\/en\/grocery\/\">food industry<\/a>. You will find, among other things, <a href=\"\/en\/plastic-shopping-basket\/\">hand basket<\/a>, <a href=\"\/en\/personal-shopping-cart\/\">foldable cart<\/a>, <a href=\"\/en\/shopping-trolleys-for-kids\/\">child cart<\/a> and <a href=\"\/en\/mobility-carts\/\">motorized cart adapted for disabled people<\/a>. We also have everything you need for the warehouse management systems. Our <a href=\"\/en\/plastic-utility-cart\/\">utility cart<\/a>, and <a href=\"\/en\/shelf-storage-cart\/\">storage cart<\/a> will certainly meet your needs.<\/p>\n<p>The dimensions correspond to those found in the Canadian market and carts can easily be nested into your current fleet, eliminating the need to buy an entire fleet of new shopping trolleys.<\/p>\n<h2>All Markets<\/h2>\n<p>We cater to food retailers, convenience stores, major department stores, drug stores, hardware stores or any business in which customers need shopping baskets to carry their purchases. We deliver what they need\u2009! <\/p>\n<p>Get a personalized shopping cart that reflects your business while improving your customer experience. <\/p>\n<p><strong><a href=\"\/en\/shopping-trolleys-metal\/\">Give them the best shopping cart!<\/a><\/strong> <\/p>\n<h4>Continuous improvement of processes<\/h4>\n<p>Drakkar International&#8217;s products are made in different factories where quality control is part of a whole process of continuous improvement so that the result consolidates our competitive advantage. Our strategic partners confirm the importance of quality as an added value to our business process. <\/p>\n<p>Our customer service is part of the continuous improvement process. We work close to our customers to keep the right inventory on hand so they can get their products at the right time. <\/p>\n<p>With our team, our strategic partners, our products and continuous process improvement, we are confident that we will be able to respond effectively to requests for grocery baskets, shopping carts and accessories. <\/p>\n<p>On the other hand, we are aware that our people must continue to learn, that our product range must continue to evolve and grow and that our business process must always be questioned so that our success is shared with that of our clients. We at Drakkar International are committed to meeting the needs of current retailers with our shopping baskets and trolleys and are also committed to meeting the future needs of our customers. <\/p>\n<h2>Our Services<\/h2>\n<p>Thanks to our strategic alliances, we also offer cleaning, maintenance and repair of your carts. The refurbishment includes refreshing the paint, installing new wheels and plastic accessories. You can also personalize your carts by choosing the paint color of your choice and identifying it with your company name. We also offer the rental of baskets and trolleys for special events.<br \/>\n<\/p>\n<h4>Looking forward to serving you\u2009!<\/h4>\n<p><a href=\"\/en\/consulting\/\">Find out more about our personalized services<\/a> [\/et_pb_text][\/et_pb_column][\/et_pb_row][\/et_pb_section]<\/p>\n","protected":false},"excerpt":{"rendered":"<p><nav aria-label=\"breadcrumbs\">\n            <div class=\"breadcrumb-container theme1\">\n                <ol>\n                    <li><a title=\"You are here\" href=\"#\"><span>You are here<\/span><\/a><span class=\"separator\">\u2192<\/span><\/li>\n                    <\/ol>\n            <\/div>\n        <\/nav>    <script type=\"application\/ld+json\">\n        {\n            \"@context\": \"http:\/\/schema.org\",\n            \"@type\": \"BreadcrumbList\",\n            \"itemListElement\": [\n                 {\n                            \"@type\": \"ListItem\",\n                            \"position\": 1,\n                            \"item\": {\n                                \"@id\": \"#\",\n                                \"name\": \"You are here\"\n                            }\n                        }\n                                                    ]\n        }\n    <\/script>\n   \n    <script>\n            <\/script>\n Drakkar International specializes in storage system and material handling equipment. We also offer a wide range of shopping cart and shopping trolley for all your needs. Drakkar International has only one purpose: to create wealth for its customers. We offer quality shopping carts and shopping baskets, transportation and handling carts, at a good price [&hellip;]<\/p>\n","protected":false},"author":1,"featured_media":0,"parent":0,"menu_order":0,"comment_status":"open","ping_status":"closed","template":"","meta":{"_acf_changed":false,"_et_pb_use_builder":"on","_et_pb_old_content":"<h1>Sp\u00e9cialiste en syst\u00e8mes de manutention de produits unitaires incluant la fabrication et la vente de panier de magasinage<\/h1>\r\n[image_frame size=\"small-banner\" image_path=\"http:\/\/198.100.149.191\/~chariots\/wp-content\/uploads\/batisse.jpg\"]\r\n<h2>\u00c0 propos de nous<\/h2>\r\nDrakkar International\u00a0n\u2019a qu\u2019un seul but, soit celui de cr\u00e9er de la richesse \u00e0 ses clients en leur offrant des chariots et des paniers de magasinage, de qualit\u00e9, \u00e0 bon prix, avec un service hors pair. Notre engagement envers nos clients actuels et nos futurs clients se mesure sur une \u00e9chelle d\u2019excellence o\u00f9 les barreaux sont annot\u00e9s de succ\u00e8s et de satisfaction ultime. Notre \u00e9quipe, nos produits et l\u2019am\u00e9lioration continue de nos processus sont la base de cet engagement.\r\n<h2>Notre \u00e9quipe<\/h2>\r\nNotre \u00e9quipe, dont font partie nos partenaires strat\u00e9giques, travaille conjointement afin de s\u2019assurer que nos chariots et nos paniers de magasinage offerts soient de qualit\u00e9 sup\u00e9rieure, livrer \u00e0 temps et qu\u2019ils performent all\u00e8grement dans l\u2019environnement particulier de nos clients.\r\n\r\nDe notre pr\u00e9sident, qui d\u00e9tient un MBA du HEC Montr\u00e9al et qui a incorpor\u00e9 l\u2019entreprise en 1998, jusqu\u2019\u00e0 nos partenaires strat\u00e9giques qui r\u00e9parent, nettoient et entretiennent les diff\u00e9rentes composantes des chariots de magasinage, tous ont en t\u00eate cet engagement commun de satisfaction de la client\u00e8le.\r\n<h2>Nos produits<\/h2>\r\nLa majeure partie des produits disponibles chez Drakkar International\u00a0correspond \u00e0 presque tous les types de paniers d\u2019\u00e9picerie que l\u2019on retrouve dans le domaine alimentaire. Par contre, suite \u00e0 la demande de nos clients, nous avons ajout\u00e9 \u00e0 la gamme, des chariots de manutention, des chariots destin\u00e9s aux grands magasins \u00e0 rayon et \u00e0 aubaines ainsi que des chariots destin\u00e9s aux enfants.\r\n<h2>Les march\u00e9s<\/h2>\r\nQue ce soit chez les d\u00e9taillants en alimentation, les d\u00e9panneurs, les grands magasins \u00e0 rayon, \u00e0 aubaines, les pharmacies, les quincailleries ou les marchands en g\u00e9n\u00e9ral, les clients ont besoin de paniers de magasinage pour ex\u00e9cuter leurs achats. Nous vous livrons ce qu\u2019il leur faut !\r\n<h2>L\u2019am\u00e9lioration continue des processus<\/h2>\r\nLes produits de Drakkar International\u00a0sont fabriqu\u00e9s dans diff\u00e9rentes usines o\u00f9 le contr\u00f4le de la qualit\u00e9 fait partie de tout un processus d\u2019am\u00e9lioration continue afin que le r\u00e9sultat consolide notre avantage concurrentiel. Nos partenaires strat\u00e9giques confirment l\u2019importance de la qualit\u00e9 comme valeur ajout\u00e9e \u00e0 notre processus d\u2019affaires.\r\n\r\nNotre service \u00e0 la client\u00e8le fait partie du processus d\u2019am\u00e9lioration continue. Nous travaillons proche de nos clients afin de garder en main le bon inventaire pour qu\u2019ils puissent obtenir leurs produits au bon moment.\r\n\r\nAinsi, gr\u00e2ce \u00e0 notre \u00e9quipe, nos partenaires strat\u00e9giques, nos produits et l\u2019am\u00e9lioration continue des processus, nous, \u00e0 Drakkar International, sommes confiants de r\u00e9pondre aux demandes en paniers de magasinage, chariots et accessoires. D\u2019autre part, nous sommes conscients que nos gens doivent continuer \u00e0 apprendre, que notre ligne de produits doit continuer \u00e0 \u00e9voluer et \u00e0 cro\u00eetre et que notre processus d\u2019affaires doit toujours \u00eatre remis en question afin que notre succ\u00e8s soit partag\u00e9 avec celui de nos clients. Nous, chez <em>Drakkar International<\/em>, nous engageons \u00e0 rencontrer les besoins des d\u00e9taillants actuels avec nos paniers de magasinage et nos chariots et nous engageons aussi \u00e0 r\u00e9pondre aux besoins futurs de notre client\u00e8le.","_et_gb_content_width":"","footnotes":""},"class_list":["post-7614","page","type-page","status-publish","hentry"],"acf":[],"yoast_head":"<!-- This site is optimized with the Yoast SEO plugin v27.5 - https:\/\/yoast.com\/product\/yoast-seo-wordpress\/ -->\n<title>Specialist in shopping cart and utility cart | Drakkar International<\/title>\n<meta name=\"description\" content=\"Learn more about our grocery cart, our storage cart, our material handling equipment, as well as our competitive advantages.\" \/>\n<meta name=\"robots\" content=\"index, follow, max-snippet:-1, max-image-preview:large, max-video-preview:-1\" \/>\n<link rel=\"canonical\" href=\"https:\/\/www.chariotshopping.com\/en\/about-us\/\" \/>\n<meta property=\"og:locale\" content=\"en_US\" \/>\n<meta property=\"og:type\" content=\"article\" \/>\n<meta property=\"og:title\" content=\"Specialist in shopping cart and utility cart | Drakkar International\" \/>\n<meta property=\"og:description\" content=\"Learn more about our grocery cart, our storage cart, our material handling equipment, as well as our competitive advantages.\" \/>\n<meta property=\"og:url\" content=\"https:\/\/www.chariotshopping.com\/en\/about-us\/\" \/>\n<meta property=\"og:site_name\" content=\"Chariot Shopping\" \/>\n<meta property=\"article:publisher\" content=\"https:\/\/www.facebook.com\/DrakkarInternational\/\" \/>\n<meta property=\"article:modified_time\" content=\"2020-11-28T18:16:49+00:00\" \/>\n<meta property=\"og:image\" content=\"https:\/\/www.chariotshopping.com\/wp-content\/uploads\/2019\/05\/batisse-650x169-1.jpg\" \/>\n<meta name=\"twitter:card\" content=\"summary_large_image\" \/>\n<meta name=\"twitter:label1\" content=\"Est. reading time\" \/>\n\t<meta name=\"twitter:data1\" content=\"4 minutes\" \/>\n<script type=\"application\/ld+json\" class=\"yoast-schema-graph\">{\"@context\":\"https:\\\/\\\/schema.org\",\"@graph\":[{\"@type\":\"WebPage\",\"@id\":\"https:\\\/\\\/www.chariotshopping.com\\\/en\\\/about-us\\\/\",\"url\":\"https:\\\/\\\/www.chariotshopping.com\\\/en\\\/about-us\\\/\",\"name\":\"Specialist in shopping cart and utility cart | Drakkar International\",\"isPartOf\":{\"@id\":\"https:\\\/\\\/www.chariotshopping.com\\\/#website\"},\"primaryImageOfPage\":{\"@id\":\"https:\\\/\\\/www.chariotshopping.com\\\/en\\\/about-us\\\/#primaryimage\"},\"image\":{\"@id\":\"https:\\\/\\\/www.chariotshopping.com\\\/en\\\/about-us\\\/#primaryimage\"},\"thumbnailUrl\":\"https:\\\/\\\/www.chariotshopping.com\\\/wp-content\\\/uploads\\\/2019\\\/05\\\/batisse-650x169-1.jpg\",\"datePublished\":\"2019-05-13T16:27:07+00:00\",\"dateModified\":\"2020-11-28T18:16:49+00:00\",\"description\":\"Learn more about our grocery cart, our storage cart, our material handling equipment, as well as our competitive advantages.\",\"breadcrumb\":{\"@id\":\"https:\\\/\\\/www.chariotshopping.com\\\/en\\\/about-us\\\/#breadcrumb\"},\"inLanguage\":\"en-US\",\"potentialAction\":[{\"@type\":\"ReadAction\",\"target\":[\"https:\\\/\\\/www.chariotshopping.com\\\/en\\\/about-us\\\/\"]}]},{\"@type\":\"ImageObject\",\"inLanguage\":\"en-US\",\"@id\":\"https:\\\/\\\/www.chariotshopping.com\\\/en\\\/about-us\\\/#primaryimage\",\"url\":\"https:\\\/\\\/www.chariotshopping.com\\\/wp-content\\\/uploads\\\/2019\\\/05\\\/batisse-650x169-1.jpg\",\"contentUrl\":\"https:\\\/\\\/www.chariotshopping.com\\\/wp-content\\\/uploads\\\/2019\\\/05\\\/batisse-650x169-1.jpg\"},{\"@type\":\"BreadcrumbList\",\"@id\":\"https:\\\/\\\/www.chariotshopping.com\\\/en\\\/about-us\\\/#breadcrumb\",\"itemListElement\":[{\"@type\":\"ListItem\",\"position\":1,\"name\":\"Accueil\",\"item\":\"https:\\\/\\\/www.chariotshopping.com\\\/\"},{\"@type\":\"ListItem\",\"position\":2,\"name\":\"About Us\"}]},{\"@type\":\"WebSite\",\"@id\":\"https:\\\/\\\/www.chariotshopping.com\\\/#website\",\"url\":\"https:\\\/\\\/www.chariotshopping.com\\\/\",\"name\":\"Chariot Shopping\",\"description\":\"\",\"publisher\":{\"@id\":\"https:\\\/\\\/www.chariotshopping.com\\\/#organization\"},\"potentialAction\":[{\"@type\":\"SearchAction\",\"target\":{\"@type\":\"EntryPoint\",\"urlTemplate\":\"https:\\\/\\\/www.chariotshopping.com\\\/?s={search_term_string}\"},\"query-input\":{\"@type\":\"PropertyValueSpecification\",\"valueRequired\":true,\"valueName\":\"search_term_string\"}}],\"inLanguage\":\"en-US\"},{\"@type\":\"Organization\",\"@id\":\"https:\\\/\\\/www.chariotshopping.com\\\/#organization\",\"name\":\"Drakkar International\",\"url\":\"https:\\\/\\\/www.chariotshopping.com\\\/\",\"logo\":{\"@type\":\"ImageObject\",\"inLanguage\":\"en-US\",\"@id\":\"https:\\\/\\\/www.chariotshopping.com\\\/#\\\/schema\\\/logo\\\/image\\\/\",\"url\":\"https:\\\/\\\/www.chariotshopping.com\\\/wp-content\\\/uploads\\\/2020\\\/05\\\/chariot-shopping-logo.jpg\",\"contentUrl\":\"https:\\\/\\\/www.chariotshopping.com\\\/wp-content\\\/uploads\\\/2020\\\/05\\\/chariot-shopping-logo.jpg\",\"width\":250,\"height\":104,\"caption\":\"Drakkar International\"},\"image\":{\"@id\":\"https:\\\/\\\/www.chariotshopping.com\\\/#\\\/schema\\\/logo\\\/image\\\/\"},\"sameAs\":[\"https:\\\/\\\/www.facebook.com\\\/DrakkarInternational\\\/\"]}]}<\/script>\n<!-- \/ Yoast SEO plugin. -->","yoast_head_json":{"title":"Specialist in shopping cart and utility cart | Drakkar International","description":"Learn more about our grocery cart, our storage cart, our material handling equipment, as well as our competitive advantages.","robots":{"index":"index","follow":"follow","max-snippet":"max-snippet:-1","max-image-preview":"max-image-preview:large","max-video-preview":"max-video-preview:-1"},"canonical":"https:\/\/www.chariotshopping.com\/en\/about-us\/","og_locale":"en_US","og_type":"article","og_title":"Specialist in shopping cart and utility cart | Drakkar International","og_description":"Learn more about our grocery cart, our storage cart, our material handling equipment, as well as our competitive advantages.","og_url":"https:\/\/www.chariotshopping.com\/en\/about-us\/","og_site_name":"Chariot Shopping","article_publisher":"https:\/\/www.facebook.com\/DrakkarInternational\/","article_modified_time":"2020-11-28T18:16:49+00:00","og_image":[{"url":"https:\/\/www.chariotshopping.com\/wp-content\/uploads\/2019\/05\/batisse-650x169-1.jpg","type":"","width":"","height":""}],"twitter_card":"summary_large_image","twitter_misc":{"Est. reading time":"4 minutes"},"schema":{"@context":"https:\/\/schema.org","@graph":[{"@type":"WebPage","@id":"https:\/\/www.chariotshopping.com\/en\/about-us\/","url":"https:\/\/www.chariotshopping.com\/en\/about-us\/","name":"Specialist in shopping cart and utility cart | Drakkar International","isPartOf":{"@id":"https:\/\/www.chariotshopping.com\/#website"},"primaryImageOfPage":{"@id":"https:\/\/www.chariotshopping.com\/en\/about-us\/#primaryimage"},"image":{"@id":"https:\/\/www.chariotshopping.com\/en\/about-us\/#primaryimage"},"thumbnailUrl":"https:\/\/www.chariotshopping.com\/wp-content\/uploads\/2019\/05\/batisse-650x169-1.jpg","datePublished":"2019-05-13T16:27:07+00:00","dateModified":"2020-11-28T18:16:49+00:00","description":"Learn more about our grocery cart, our storage cart, our material handling equipment, as well as our competitive advantages.","breadcrumb":{"@id":"https:\/\/www.chariotshopping.com\/en\/about-us\/#breadcrumb"},"inLanguage":"en-US","potentialAction":[{"@type":"ReadAction","target":["https:\/\/www.chariotshopping.com\/en\/about-us\/"]}]},{"@type":"ImageObject","inLanguage":"en-US","@id":"https:\/\/www.chariotshopping.com\/en\/about-us\/#primaryimage","url":"https:\/\/www.chariotshopping.com\/wp-content\/uploads\/2019\/05\/batisse-650x169-1.jpg","contentUrl":"https:\/\/www.chariotshopping.com\/wp-content\/uploads\/2019\/05\/batisse-650x169-1.jpg"},{"@type":"BreadcrumbList","@id":"https:\/\/www.chariotshopping.com\/en\/about-us\/#breadcrumb","itemListElement":[{"@type":"ListItem","position":1,"name":"Accueil","item":"https:\/\/www.chariotshopping.com\/"},{"@type":"ListItem","position":2,"name":"About Us"}]},{"@type":"WebSite","@id":"https:\/\/www.chariotshopping.com\/#website","url":"https:\/\/www.chariotshopping.com\/","name":"Chariot Shopping","description":"","publisher":{"@id":"https:\/\/www.chariotshopping.com\/#organization"},"potentialAction":[{"@type":"SearchAction","target":{"@type":"EntryPoint","urlTemplate":"https:\/\/www.chariotshopping.com\/?s={search_term_string}"},"query-input":{"@type":"PropertyValueSpecification","valueRequired":true,"valueName":"search_term_string"}}],"inLanguage":"en-US"},{"@type":"Organization","@id":"https:\/\/www.chariotshopping.com\/#organization","name":"Drakkar International","url":"https:\/\/www.chariotshopping.com\/","logo":{"@type":"ImageObject","inLanguage":"en-US","@id":"https:\/\/www.chariotshopping.com\/#\/schema\/logo\/image\/","url":"https:\/\/www.chariotshopping.com\/wp-content\/uploads\/2020\/05\/chariot-shopping-logo.jpg","contentUrl":"https:\/\/www.chariotshopping.com\/wp-content\/uploads\/2020\/05\/chariot-shopping-logo.jpg","width":250,"height":104,"caption":"Drakkar International"},"image":{"@id":"https:\/\/www.chariotshopping.com\/#\/schema\/logo\/image\/"},"sameAs":["https:\/\/www.facebook.com\/DrakkarInternational\/"]}]}},"_links":{"self":[{"href":"https:\/\/www.chariotshopping.com\/en\/wp-json\/wp\/v2\/pages\/7614","targetHints":{"allow":["GET"]}}],"collection":[{"href":"https:\/\/www.chariotshopping.com\/en\/wp-json\/wp\/v2\/pages"}],"about":[{"href":"https:\/\/www.chariotshopping.com\/en\/wp-json\/wp\/v2\/types\/page"}],"author":[{"embeddable":true,"href":"https:\/\/www.chariotshopping.com\/en\/wp-json\/wp\/v2\/users\/1"}],"replies":[{"embeddable":true,"href":"https:\/\/www.chariotshopping.com\/en\/wp-json\/wp\/v2\/comments?post=7614"}],"version-history":[{"count":4,"href":"https:\/\/www.chariotshopping.com\/en\/wp-json\/wp\/v2\/pages\/7614\/revisions"}],"predecessor-version":[{"id":52203,"href":"https:\/\/www.chariotshopping.com\/en\/wp-json\/wp\/v2\/pages\/7614\/revisions\/52203"}],"wp:attachment":[{"href":"https:\/\/www.chariotshopping.com\/en\/wp-json\/wp\/v2\/media?parent=7614"}],"curies":[{"name":"wp","href":"https:\/\/api.w.org\/{rel}","templated":true}]}}