{"id":51598,"date":"2020-10-14T16:05:40","date_gmt":"2020-10-14T16:05:40","guid":{"rendered":"https:\/\/www.chariotshopping.com\/?page_id=51598"},"modified":"2026-04-14T10:11:05","modified_gmt":"2026-04-14T14:11:05","slug":"merchandising","status":"publish","type":"page","link":"https:\/\/www.chariotshopping.com\/en\/merchandising\/","title":{"rendered":"Merchandising Bin"},"content":{"rendered":"<p>[et_pb_section fb_built=&#8221;1&#8243; _builder_version=&#8221;4.16&#8243; background_color=&#8221;#0d50a4&#8243; custom_margin=&#8221;0px|0px|0px|0px&#8221; custom_padding=&#8221;0px|0px|0px|0px&#8221; z_index_tablet=&#8221;500&#8243; collapsed=&#8221;off&#8221; global_colors_info=&#8221;{}&#8221;][et_pb_row _builder_version=&#8221;4.16&#8243; background_image=&#8221;https:\/\/www.chariotshopping.com\/wp-content\/uploads\/2019\/05\/banner-diagonal.png&#8221; module_alignment=&#8221;center&#8221; custom_padding=&#8221;40px||40px|&#8221; z_index_tablet=&#8221;500&#8243; width_unit=&#8221;off&#8221; global_colors_info=&#8221;{}&#8221;][et_pb_column type=&#8221;4_4&#8243; _builder_version=&#8221;4.16&#8243; custom_padding=&#8221;|||&#8221; global_colors_info=&#8221;{}&#8221; custom_padding__hover=&#8221;|||&#8221;][et_pb_post_title meta=&#8221;off&#8221; featured_image=&#8221;off&#8221; text_color=&#8221;light&#8221; _builder_version=&#8221;4.16&#8243; background_color_gradient_direction=&#8221;200deg&#8221; custom_margin=&#8221;||0px|&#8221; z_index_tablet=&#8221;500&#8243; global_colors_info=&#8221;{}&#8221;][\/et_pb_post_title][et_pb_text _builder_version=&#8221;4.16&#8243; z_index_tablet=&#8221;500&#8243; global_colors_info=&#8221;{}&#8221;]<\/p>\n<nav aria-label=\"breadcrumbs\">\n            <div class=\"breadcrumb-container theme1\">\n                <ol>\n                    <li><a title=\"You are here\" href=\"#\"><span>You are here<\/span><\/a><span class=\"separator\">\u2192<\/span><\/li>\n                    <\/ol>\n            <\/div>\n        <\/nav>    <script type=\"application\/ld+json\">\n        {\n            \"@context\": \"http:\/\/schema.org\",\n            \"@type\": \"BreadcrumbList\",\n            \"itemListElement\": [\n                 {\n                            \"@type\": \"ListItem\",\n                            \"position\": 1,\n                            \"item\": {\n                                \"@id\": \"#\",\n                                \"name\": \"You are here\"\n                            }\n                        }\n                                                    ]\n        }\n    <\/script>\n   \n    <script>\n            <\/script>\n\n<p>[\/et_pb_text][\/et_pb_column][\/et_pb_row][\/et_pb_section][et_pb_section fb_built=&#8221;1&#8243; _builder_version=&#8221;4.16&#8243; custom_margin=&#8221;||||false|false&#8221; custom_padding=&#8221;||40px||false|false&#8221; global_colors_info=&#8221;{}&#8221;][et_pb_row _builder_version=&#8221;4.16&#8243; custom_margin=&#8221;||0px|&#8221; custom_padding=&#8221;||0px|&#8221; z_index_tablet=&#8221;500&#8243; global_colors_info=&#8221;{}&#8221;][et_pb_column type=&#8221;4_4&#8243; _builder_version=&#8221;4.16&#8243; custom_padding=&#8221;|||&#8221; global_colors_info=&#8221;{}&#8221; custom_padding__hover=&#8221;|||&#8221;][et_pb_text _builder_version=&#8221;4.16&#8243; text_font_size=&#8221;18px&#8221; header_font=&#8221;|600|||||||&#8221; header_line_height=&#8221;1.1em&#8221; header_2_font=&#8221;|600|||||||&#8221; header_2_font_size=&#8221;40px&#8221; header_2_line_height=&#8221;1.1em&#8221; z_index_tablet=&#8221;500&#8243; global_colors_info=&#8221;{}&#8221;]<\/p>\n<h2>Display stands for merchandising grocery products and other retail products.<\/h2>\n<p>[\/et_pb_text][et_pb_text _builder_version=&#8221;4.16&#8243; text_font_size=&#8221;18px&#8221; z_index_tablet=&#8221;500&#8243; global_colors_info=&#8221;{}&#8221;]<\/p>\n<h3>Place the right product in the right place with a suitable display stand and discover accessories designed for all your needs.<\/h3>\n<p>Here\u2019s the products that will be usefull by increasing the value of your merchandise. Whether it is with a liquidation bin, liquidation table, degustation table or even with our skid-guard with advertising, your products will be bring upfront. We know that cleanliness is primordial for you as for your customer. That is why we introduce a whole range of sanitation station.<\/p>\n<p><strong>Aslo new for merchants, now own your own ice freezing station.<\/strong><\/p>\n<p>[\/et_pb_text][\/et_pb_column][\/et_pb_row][\/et_pb_section][et_pb_section fb_built=&#8221;1&#8243; _builder_version=&#8221;4.16&#8243; custom_padding=&#8221;40px||8px||false|false&#8221; global_colors_info=&#8221;{}&#8221;][et_pb_row module_class=&#8221;ds-vertical-align&#8221; _builder_version=&#8221;4.16&#8243; module_alignment=&#8221;center&#8221; custom_margin=&#8221;0px|||&#8221; custom_padding=&#8221;0px|||&#8221; z_index_tablet=&#8221;500&#8243; width_unit=&#8221;off&#8221; global_colors_info=&#8221;{}&#8221;][et_pb_column type=&#8221;4_4&#8243; _builder_version=&#8221;4.16&#8243; custom_padding=&#8221;|||&#8221; global_colors_info=&#8221;{}&#8221; custom_padding__hover=&#8221;|||&#8221;][et_pb_shop type=&#8221;product_category&#8221; posts_number=&#8221;1000&#8243; include_categories=&#8221;132&#8243; orderby=&#8221;menu_order&#8221; hover_overlay_color=&#8221;rgba(255,255,255,0.6)&#8221; hover_icon=&#8221;&#xe015;||divi||400&#8243; module_class=&#8221;store&#8221; _builder_version=&#8221;4.16&#8243; text_orientation=&#8221;center&#8221; z_index_tablet=&#8221;500&#8243; border_color_all=&#8221;#022c74&#8243; global_colors_info=&#8221;{}&#8221;][\/et_pb_shop][et_pb_text _builder_version=&#8221;4.16&#8243; _module_preset=&#8221;default&#8221; global_colors_info=&#8221;{}&#8221;]<\/p>\n<h4 style=\"text-align: center;\"><a href=\"\/en\/plastic-utility-cart\/\">\u2192 Discover our utility carts<\/a><\/h4>\n<p>[\/et_pb_text][\/et_pb_column][\/et_pb_row][\/et_pb_section][et_pb_section fb_built=&#8221;1&#8243; _builder_version=&#8221;4.16&#8243; custom_padding=&#8221;15px|||||&#8221; global_colors_info=&#8221;{}&#8221;][et_pb_row module_class=&#8221;ds-vertical-align&#8221; _builder_version=&#8221;4.16&#8243; module_alignment=&#8221;center&#8221; custom_margin=&#8221;0px|||&#8221; custom_padding=&#8221;0px|||&#8221; z_index_tablet=&#8221;500&#8243; width_unit=&#8221;off&#8221; global_colors_info=&#8221;{}&#8221;][et_pb_column type=&#8221;4_4&#8243; _builder_version=&#8221;4.16&#8243; custom_padding=&#8221;|||&#8221; global_colors_info=&#8221;{}&#8221; custom_padding__hover=&#8221;|||&#8221;][et_pb_button button_url=&#8221;#&#8221; button_text=&#8221;Download our catalog&#8221; button_alignment=&#8221;center&#8221; module_class=&#8221;popmake-54086&#8243; _builder_version=&#8221;4.27.6&#8243; custom_button=&#8221;on&#8221; button_text_size=&#8221;16px&#8221; button_text_color=&#8221;#ffffff&#8221; button_bg_color=&#8221;#0D50A4&#8243; button_border_width=&#8221;0px&#8221; custom_margin=&#8221;-7px|||||&#8221; hover_enabled=&#8221;0&#8243; box_shadow_style=&#8221;preset1&#8243; global_colors_info=&#8221;{}&#8221; sticky_enabled=&#8221;0&#8243;][\/et_pb_button][\/et_pb_column][\/et_pb_row][\/et_pb_section]<\/p>\n","protected":false},"excerpt":{"rendered":"<p><nav aria-label=\"breadcrumbs\">\n            <div class=\"breadcrumb-container theme1\">\n                <ol>\n                    <li><a title=\"You are here\" href=\"#\"><span>You are here<\/span><\/a><span class=\"separator\">\u2192<\/span><\/li>\n                    <\/ol>\n            <\/div>\n        <\/nav>    <script type=\"application\/ld+json\">\n        {\n            \"@context\": \"http:\/\/schema.org\",\n            \"@type\": \"BreadcrumbList\",\n            \"itemListElement\": [\n                 {\n                            \"@type\": \"ListItem\",\n                            \"position\": 1,\n                            \"item\": {\n                                \"@id\": \"#\",\n                                \"name\": \"You are here\"\n                            }\n                        }\n                                                    ]\n        }\n    <\/script>\n   \n    <script>\n            <\/script>\n Display stands for merchandising grocery products and other retail products.Place the right product in the right place with a suitable display stand and discover accessories designed for all your needs. Here\u2019s the products that will be usefull by increasing the value of your merchandise. Whether it is with a liquidation bin, liquidation table, degustation [&hellip;]<\/p>\n","protected":false},"author":1,"featured_media":0,"parent":0,"menu_order":0,"comment_status":"closed","ping_status":"closed","template":"","meta":{"_acf_changed":false,"_et_pb_use_builder":"on","_et_pb_old_content":"[et_pb_section fb_built=\"1\" _builder_version=\"3.22\" background_color=\"#0d50a4\" custom_margin=\"0px|0px|0px|0px\" custom_padding=\"0px|0px|0px|0px\" z_index_tablet=\"500\"][et_pb_row _builder_version=\"3.25\" background_image=\"https:\/\/www.chariotshopping.com\/wp-content\/uploads\/2019\/05\/banner-diagonal.png\" module_alignment=\"center\" custom_padding=\"40px||40px|\" z_index_tablet=\"500\" width_unit=\"off\"][et_pb_column type=\"4_4\" _builder_version=\"3.25\" custom_padding=\"|||\" custom_padding__hover=\"|||\"][et_pb_post_title meta=\"off\" featured_image=\"off\" text_color=\"light\" _builder_version=\"3.21.2\" background_color_gradient_direction=\"200deg\" custom_margin=\"||0px|\" z_index_tablet=\"500\"][\/et_pb_post_title][et_pb_text _builder_version=\"4.0.6\" z_index_tablet=\"500\"]<p>\r\n[breadcrumb]<\/p>\r\n[\/et_pb_text][\/et_pb_column][\/et_pb_row][\/et_pb_section][et_pb_section fb_built=\"1\" _builder_version=\"4.6.5\" custom_margin=\"||||false|false\" custom_padding=\"||40px||false|false\"][et_pb_row _builder_version=\"3.25\" custom_margin=\"||0px|\" custom_padding=\"||0px|\" z_index_tablet=\"500\"][et_pb_column type=\"4_4\" _builder_version=\"3.25\" custom_padding=\"|||\" custom_padding__hover=\"|||\"][et_pb_text _builder_version=\"4.6.5\" text_font_size=\"18px\" header_font=\"|600|||||||\" header_line_height=\"1.1em\" header_2_font=\"|600|||||||\" header_2_font_size=\"40px\" header_2_line_height=\"1.1em\" z_index_tablet=\"500\"]<h2>Pr\u00e9sentoirs m\u00e9talliques pour marchandisage des produits d\u2019\u00e9picerie et autres commerces de d\u00e9tail<\/h2>[\/et_pb_text][et_pb_text _builder_version=\"4.6.5\" text_font_size=\"18px\" text_line_height=\"1.5em\" z_index_tablet=\"500\"]<h3>Placez le bon produit au bon endroit avec un pr\u00e9sentoir commercial adapt\u00e9 et d\u00e9couvrez des accessoires con\u00e7us pour tous vos besoins.<\/h3>\r\n<p>Voici des produits qui servent \u00e0 rehausser la valeur de votre marchandise \u00e0 vendre. Que ce soit dans des huches, sur des tables \u00e0 liquidation ou \u00e0 d\u00e9gustation, ou encore gr\u00e2ce \u00e0 des prot\u00e8ge-palette avec publicit\u00e9, vos produits seront mis en \u00e9vidence. La propret\u00e9 \u00e9tant d\u2019une importance capitale pour les clients, nous avons des postes d\u2019assainissement pour eux.<\/p>\r\n<strong>Nouveau pour les commer\u00e7ants, poss\u00e9dez votre propre station r\u00e9frig\u00e9rante!<\/strong>[\/et_pb_text][\/et_pb_column][\/et_pb_row][\/et_pb_section][et_pb_section fb_built=\"1\" _builder_version=\"4.6.5\" custom_padding=\"40px||||false|false\"][et_pb_row module_class=\"ds-vertical-align\" _builder_version=\"3.25\" module_alignment=\"center\" custom_margin=\"0px|||\" custom_padding=\"0px|||\" z_index_tablet=\"500\" width_unit=\"off\"][et_pb_column type=\"4_4\" _builder_version=\"3.25\" custom_padding=\"|||\" custom_padding__hover=\"|||\"][et_pb_shop type=\"product_category\" posts_number=\"1000\" include_categories=\"41\" orderby=\"menu_order\" hover_overlay_color=\"rgba(255,255,255,0.6)\" hover_icon=\"%%114%%\" module_class=\"store\" _builder_version=\"4.6.5\" text_orientation=\"center\" z_index_tablet=\"500\" border_color_all=\"#022c74\"][\/et_pb_shop][\/et_pb_column][\/et_pb_row][\/et_pb_section][et_pb_section fb_built=\"1\" _builder_version=\"3.22\"][et_pb_row module_class=\"ds-vertical-align\" _builder_version=\"3.25\" module_alignment=\"center\" custom_margin=\"0px|||\" custom_padding=\"0px|||\" z_index_tablet=\"500\" width_unit=\"off\"][et_pb_column type=\"4_4\" _builder_version=\"3.25\" custom_padding=\"|||\" custom_padding__hover=\"|||\"][et_pb_button button_url=\"https:\/\/www.chariotshopping.com\/wp-content\/uploads\/2020\/04\/Drakkar-Catalogue-2020.pdf\" url_new_window=\"on\" button_text=\"T\u00e9l\u00e9chargez notre catalogue complet\" button_alignment=\"center\" _builder_version=\"4.0.6\" z_index_tablet=\"500\" saved_tabs=\"all\"][\/et_pb_button][\/et_pb_column][\/et_pb_row][\/et_pb_section]","_et_gb_content_width":"","footnotes":""},"class_list":["post-51598","page","type-page","status-publish","hentry"],"acf":[],"yoast_head":"<!-- This site is optimized with the Yoast SEO plugin v27.1.1 - https:\/\/yoast.com\/product\/yoast-seo-wordpress\/ -->\n<title>Merchandising Display | Display Stand | Drakkar International<\/title>\n<meta name=\"description\" content=\"Place the right product in the right place with a suitable commercial display stand and merchandising accessories designed for your needs, including the sanitation station.\" \/>\n<meta name=\"robots\" content=\"index, follow, max-snippet:-1, max-image-preview:large, max-video-preview:-1\" \/>\n<link rel=\"canonical\" href=\"https:\/\/www.chariotshopping.com\/merchandising\/\" \/>\n<meta property=\"og:locale\" content=\"en_US\" \/>\n<meta property=\"og:type\" content=\"article\" \/>\n<meta property=\"og:title\" content=\"Merchandising Display | Display Stand | Drakkar International\" \/>\n<meta property=\"og:description\" content=\"Place the right product in the right place with a suitable commercial display stand and merchandising accessories designed for your needs, including the sanitation station.\" \/>\n<meta property=\"og:url\" content=\"https:\/\/www.chariotshopping.com\/merchandising\/\" \/>\n<meta property=\"og:site_name\" content=\"Chariot Shopping\" \/>\n<meta property=\"article:publisher\" content=\"https:\/\/www.facebook.com\/DrakkarInternational\/\" \/>\n<meta property=\"article:modified_time\" content=\"2026-04-14T14:11:05+00:00\" \/>\n<meta name=\"twitter:card\" content=\"summary_large_image\" \/>\n<meta name=\"twitter:label1\" content=\"Est. reading time\" \/>\n\t<meta name=\"twitter:data1\" content=\"3 minutes\" \/>\n<script type=\"application\/ld+json\" class=\"yoast-schema-graph\">{\"@context\":\"https:\/\/schema.org\",\"@graph\":[{\"@type\":\"WebPage\",\"@id\":\"https:\/\/www.chariotshopping.com\/merchandising\/\",\"url\":\"https:\/\/www.chariotshopping.com\/merchandising\/\",\"name\":\"Merchandising Display | Display Stand | Drakkar International\",\"isPartOf\":{\"@id\":\"https:\/\/www.chariotshopping.com\/#website\"},\"datePublished\":\"2020-10-14T16:05:40+00:00\",\"dateModified\":\"2026-04-14T14:11:05+00:00\",\"description\":\"Place the right product in the right place with a suitable commercial display stand and merchandising accessories designed for your needs, including the sanitation station.\",\"breadcrumb\":{\"@id\":\"https:\/\/www.chariotshopping.com\/merchandising\/#breadcrumb\"},\"inLanguage\":\"en-US\",\"potentialAction\":[{\"@type\":\"ReadAction\",\"target\":[\"https:\/\/www.chariotshopping.com\/merchandising\/\"]}]},{\"@type\":\"BreadcrumbList\",\"@id\":\"https:\/\/www.chariotshopping.com\/merchandising\/#breadcrumb\",\"itemListElement\":[{\"@type\":\"ListItem\",\"position\":1,\"name\":\"Accueil\",\"item\":\"https:\/\/www.chariotshopping.com\/\"},{\"@type\":\"ListItem\",\"position\":2,\"name\":\"Merchandising Bin\"}]},{\"@type\":\"WebSite\",\"@id\":\"https:\/\/www.chariotshopping.com\/#website\",\"url\":\"https:\/\/www.chariotshopping.com\/\",\"name\":\"Chariot Shopping\",\"description\":\"\",\"publisher\":{\"@id\":\"https:\/\/www.chariotshopping.com\/#organization\"},\"potentialAction\":[{\"@type\":\"SearchAction\",\"target\":{\"@type\":\"EntryPoint\",\"urlTemplate\":\"https:\/\/www.chariotshopping.com\/?s={search_term_string}\"},\"query-input\":{\"@type\":\"PropertyValueSpecification\",\"valueRequired\":true,\"valueName\":\"search_term_string\"}}],\"inLanguage\":\"en-US\"},{\"@type\":\"Organization\",\"@id\":\"https:\/\/www.chariotshopping.com\/#organization\",\"name\":\"Drakkar International\",\"url\":\"https:\/\/www.chariotshopping.com\/\",\"logo\":{\"@type\":\"ImageObject\",\"inLanguage\":\"en-US\",\"@id\":\"https:\/\/www.chariotshopping.com\/#\/schema\/logo\/image\/\",\"url\":\"https:\/\/www.chariotshopping.com\/wp-content\/uploads\/2020\/05\/chariot-shopping-logo.jpg\",\"contentUrl\":\"https:\/\/www.chariotshopping.com\/wp-content\/uploads\/2020\/05\/chariot-shopping-logo.jpg\",\"width\":250,\"height\":104,\"caption\":\"Drakkar International\"},\"image\":{\"@id\":\"https:\/\/www.chariotshopping.com\/#\/schema\/logo\/image\/\"},\"sameAs\":[\"https:\/\/www.facebook.com\/DrakkarInternational\/\"]}]}<\/script>\n<!-- \/ Yoast SEO plugin. -->","yoast_head_json":{"title":"Merchandising Display | Display Stand | Drakkar International","description":"Place the right product in the right place with a suitable commercial display stand and merchandising accessories designed for your needs, including the sanitation station.","robots":{"index":"index","follow":"follow","max-snippet":"max-snippet:-1","max-image-preview":"max-image-preview:large","max-video-preview":"max-video-preview:-1"},"canonical":"https:\/\/www.chariotshopping.com\/merchandising\/","og_locale":"en_US","og_type":"article","og_title":"Merchandising Display | Display Stand | Drakkar International","og_description":"Place the right product in the right place with a suitable commercial display stand and merchandising accessories designed for your needs, including the sanitation station.","og_url":"https:\/\/www.chariotshopping.com\/merchandising\/","og_site_name":"Chariot Shopping","article_publisher":"https:\/\/www.facebook.com\/DrakkarInternational\/","article_modified_time":"2026-04-14T14:11:05+00:00","twitter_card":"summary_large_image","twitter_misc":{"Est. reading time":"3 minutes"},"schema":{"@context":"https:\/\/schema.org","@graph":[{"@type":"WebPage","@id":"https:\/\/www.chariotshopping.com\/merchandising\/","url":"https:\/\/www.chariotshopping.com\/merchandising\/","name":"Merchandising Display | Display Stand | Drakkar International","isPartOf":{"@id":"https:\/\/www.chariotshopping.com\/#website"},"datePublished":"2020-10-14T16:05:40+00:00","dateModified":"2026-04-14T14:11:05+00:00","description":"Place the right product in the right place with a suitable commercial display stand and merchandising accessories designed for your needs, including the sanitation station.","breadcrumb":{"@id":"https:\/\/www.chariotshopping.com\/merchandising\/#breadcrumb"},"inLanguage":"en-US","potentialAction":[{"@type":"ReadAction","target":["https:\/\/www.chariotshopping.com\/merchandising\/"]}]},{"@type":"BreadcrumbList","@id":"https:\/\/www.chariotshopping.com\/merchandising\/#breadcrumb","itemListElement":[{"@type":"ListItem","position":1,"name":"Accueil","item":"https:\/\/www.chariotshopping.com\/"},{"@type":"ListItem","position":2,"name":"Merchandising Bin"}]},{"@type":"WebSite","@id":"https:\/\/www.chariotshopping.com\/#website","url":"https:\/\/www.chariotshopping.com\/","name":"Chariot Shopping","description":"","publisher":{"@id":"https:\/\/www.chariotshopping.com\/#organization"},"potentialAction":[{"@type":"SearchAction","target":{"@type":"EntryPoint","urlTemplate":"https:\/\/www.chariotshopping.com\/?s={search_term_string}"},"query-input":{"@type":"PropertyValueSpecification","valueRequired":true,"valueName":"search_term_string"}}],"inLanguage":"en-US"},{"@type":"Organization","@id":"https:\/\/www.chariotshopping.com\/#organization","name":"Drakkar International","url":"https:\/\/www.chariotshopping.com\/","logo":{"@type":"ImageObject","inLanguage":"en-US","@id":"https:\/\/www.chariotshopping.com\/#\/schema\/logo\/image\/","url":"https:\/\/www.chariotshopping.com\/wp-content\/uploads\/2020\/05\/chariot-shopping-logo.jpg","contentUrl":"https:\/\/www.chariotshopping.com\/wp-content\/uploads\/2020\/05\/chariot-shopping-logo.jpg","width":250,"height":104,"caption":"Drakkar International"},"image":{"@id":"https:\/\/www.chariotshopping.com\/#\/schema\/logo\/image\/"},"sameAs":["https:\/\/www.facebook.com\/DrakkarInternational\/"]}]}},"_links":{"self":[{"href":"https:\/\/www.chariotshopping.com\/en\/wp-json\/wp\/v2\/pages\/51598","targetHints":{"allow":["GET"]}}],"collection":[{"href":"https:\/\/www.chariotshopping.com\/en\/wp-json\/wp\/v2\/pages"}],"about":[{"href":"https:\/\/www.chariotshopping.com\/en\/wp-json\/wp\/v2\/types\/page"}],"author":[{"embeddable":true,"href":"https:\/\/www.chariotshopping.com\/en\/wp-json\/wp\/v2\/users\/1"}],"replies":[{"embeddable":true,"href":"https:\/\/www.chariotshopping.com\/en\/wp-json\/wp\/v2\/comments?post=51598"}],"version-history":[{"count":14,"href":"https:\/\/www.chariotshopping.com\/en\/wp-json\/wp\/v2\/pages\/51598\/revisions"}],"predecessor-version":[{"id":56474,"href":"https:\/\/www.chariotshopping.com\/en\/wp-json\/wp\/v2\/pages\/51598\/revisions\/56474"}],"wp:attachment":[{"href":"https:\/\/www.chariotshopping.com\/en\/wp-json\/wp\/v2\/media?parent=51598"}],"curies":[{"name":"wp","href":"https:\/\/api.w.org\/{rel}","templated":true}]}}